{"id":165,"date":"2025-10-07T09:02:22","date_gmt":"2025-10-07T09:02:22","guid":{"rendered":"https:\/\/psycholog-paturalski.com\/?page_id=165"},"modified":"2026-03-25T15:23:45","modified_gmt":"2026-03-25T15:23:45","slug":"regulamin","status":"publish","type":"page","link":"https:\/\/psycholog-paturalski.com\/de\/regulamin\/","title":{"rendered":"AGB"},"content":{"rendered":"<div data-elementor-type=\"wp-page\" data-elementor-id=\"165\" class=\"elementor elementor-165\">\n\t\t\t\t\t\t<section class=\"elementor-section elementor-top-section elementor-element elementor-element-4aaf2196 elementor-section-content-middle elementor-section-boxed elementor-section-height-default elementor-section-height-default\" data-id=\"4aaf2196\" data-element_type=\"section\" data-settings=\"{&quot;background_background&quot;:&quot;classic&quot;}\">\n\t\t\t\t\t\t\t<div class=\"elementor-background-overlay\"><\/div>\n\t\t\t\t\t\t\t<div class=\"elementor-container elementor-column-gap-default\">\n\t\t\t\t\t<div class=\"elementor-column elementor-col-100 elementor-top-column elementor-element elementor-element-6a8b8ff\" data-id=\"6a8b8ff\" data-element_type=\"column\">\n\t\t\t<div class=\"elementor-widget-wrap elementor-element-populated\">\n\t\t\t\t\t\t<div class=\"elementor-element elementor-element-7b3b98df elementor-widget elementor-widget-heading\" data-id=\"7b3b98df\" data-element_type=\"widget\" data-widget_type=\"heading.default\">\n\t\t\t\t\t<h1 class=\"elementor-heading-title elementor-size-default\">AGB<\/h1>\t\t\t\t<\/div>\n\t\t\t\t\t<\/div>\n\t\t<\/div>\n\t\t\t\t\t<\/div>\n\t\t<\/section>\n\t\t<div class=\"elementor-element elementor-element-1e9462c e-flex e-con-boxed e-con e-parent\" data-id=\"1e9462c\" data-element_type=\"container\">\n\t\t\t\t\t<div class=\"e-con-inner\">\n\t\t\t\t<div class=\"elementor-element elementor-element-fde4a12 elementor-widget elementor-widget-text-editor\" data-id=\"fde4a12\" data-element_type=\"widget\" data-widget_type=\"text-editor.default\">\n\t\t\t\t\t\t\t\t\t<h3><b>Gesch\u00e4ftsbedingungen f\u00fcr psychologische Dienstleistungen<\/b><\/h3><h4><b>I. Allgemeine Bestimmungen<\/b><\/h4><ol><li style=\"font-weight: 400;\" aria-level=\"1\"><span style=\"font-weight: 400;\">Diese Bestimmungen gelten als Mustervertrag zwischen dem Dienstleister und dem Klienten, es sei denn, die Parteien schlie\u00dfen eine individuelle schriftliche Vereinbarung, in der bestimmte Regelungen ge\u00e4ndert werden.<\/span><\/li><li style=\"font-weight: 400;\" aria-level=\"1\"><span style=\"font-weight: 400;\">Jegliche Erkl\u00e4rungen der Parteien m\u00fcssen in einer Form erfolgen, die eine ordnungsgem\u00e4\u00dfe Einsichtnahme in deren Inhalt gew\u00e4hrleistet (z.\u202fB. E-Mail, Online-Messenger), es sei denn, die Parteien vereinbaren etwas anderes.<\/span><\/li><li style=\"font-weight: 400;\" aria-level=\"1\"><span style=\"font-weight: 400;\">Die psychologischen Leistungen stehen Personen zur Verf\u00fcgung, die voll gesch\u00e4ftsf\u00e4hig sind.<\/span><\/li><\/ol><h6><b style=\"font-size: 1.7em; font-style: inherit;\">II. Definitionen\u00a0<\/b><\/h6><p><span style=\"font-weight: 400;\">Soweit in der Regelung erw\u00e4hnt<\/span><span style=\"font-weight: 400;\">:<\/span><\/p><ol><li style=\"font-weight: 400;\" aria-level=\"2\"><span style=\"font-weight: 400;\">E-Mail-Adresse \u2013 die vom Klienten angegebene Adresse im Registrierungsformular, die der Kommunikation zwischen Klient und Dienstleister dient.<\/span><\/li><li style=\"font-weight: 400;\" aria-level=\"2\"><span style=\"font-weight: 400;\">Formular \u2013 das Registrierungsformular, das der Klient ausf\u00fcllen muss, um die Leistungen und psychologischen Dienste sicher und ordnungsgem\u00e4\u00df in Anspruch nehmen zu k\u00f6nnen.<\/span><\/li><li style=\"font-weight: 400;\" aria-level=\"2\"><span style=\"font-weight: 400;\">Klient \u2013 jede nat\u00fcrliche oder juristische Person bzw. organisatorische Einheit mit gesetzlicher Handlungsf\u00e4higkeit, die die vom Dienstleister bereitgestellten Leistungen nutzt.<\/span><\/li><li style=\"font-weight: 400;\" aria-level=\"2\"><span style=\"font-weight: 400;\">Psychologischer Vertrag \u2013 bezeichnet den Vertrag \u00fcber die Erbringung psychologischer Dienstleistungen, der zwischen dem Klienten und dem Dienstleister geschlossen wird.<\/span><\/li><li style=\"font-weight: 400;\" aria-level=\"2\"><span style=\"font-weight: 400;\">Psychologe\/Psychologin \u2013 eine Person mit der Befugnis zur Aus\u00fcbung des Berufs des Psychologen, basierend auf einem abgeschlossenen Masterstudium der Psychologie.<\/span><\/li><li style=\"font-weight: 400;\" aria-level=\"2\"><span style=\"font-weight: 400;\">Reglement \u2013 die Bestimmungen \u00fcber die Erbringung psychologischer Dienstleistungen vom 3. Oktober 2025.<\/span><\/li><li style=\"font-weight: 400;\" aria-level=\"2\"><span style=\"font-weight: 400;\">Dienst\/Online-Dienst \u2013 bezieht sich auf die Website https:\/\/psycholog-paturalski.com.<\/span><\/li><li style=\"font-weight: 400;\" aria-level=\"2\"><span style=\"font-weight: 400;\">Dienstleistung \u2013 bezeichnet alle vom Dienstleister im Rahmen der Website erbrachten Leistungen, die keine psychologische Dienstleistung darstellen.<\/span><\/li><li style=\"font-weight: 400;\" aria-level=\"2\"><span style=\"font-weight: 400;\">Psychologische Dienstleistung \u2013 bezeichnet psychologische Dienstleistungen, die vom Dienstleister im Rahmen der Website erbracht werden und den Grunds\u00e4tzen des polnischen Berufs- und Ethikkodex f\u00fcr Psychologen unterliegen.<\/span><\/li><li style=\"font-weight: 400;\" aria-level=\"2\"><span style=\"font-weight: 400;\">Dienstleister \u2013 bezeichnet die juristische oder nat\u00fcrliche Person, die die Dienstleistungen und psychologischen Dienstleistungen in \u00dcbereinstimmung mit dem geltenden polnischen und deutschen Recht erbringt.<\/span><\/li><\/ol><h4><b>III. Dienstleistungen<\/b><\/h4><ol><li style=\"font-weight: 400;\" aria-level=\"1\"><span style=\"font-weight: 400;\">Die vom Dienstleister erbrachten Dienstleistungen sind kostenpflichtig.<\/span><\/li><li style=\"font-weight: 400;\" aria-level=\"1\"><span style=\"font-weight: 400;\">Der Klient kann auf die Psychologischen Dienstleistungen und anderen Dienstleistungen nach Zahlung der entsprechenden Geb\u00fchr gem\u00e4\u00df der Preisliste zugreifen.<\/span><\/li><li style=\"font-weight: 400;\" aria-level=\"1\"><span style=\"font-weight: 400;\">Detaillierte Informationen zu den Dienstleistungen sind auf der Website verf\u00fcgbar <\/span><a href=\"https:\/\/psycholog-paturalski.com\/de\/\"><span style=\"font-weight: 400;\">www.psycholog-paturalski.com<\/span><\/a><span style=\"font-weight: 400;\">.\u00a0<\/span><\/li><li style=\"font-weight: 400;\" aria-level=\"1\"><span style=\"font-weight: 400;\">Psychologische Dienstleistungen werden stets von einem qualifizierten Psychologen erbracht.<\/span><\/li><\/ol><h4><b>IV. Art der Erbringung psychologischer Dienstleistungen<\/b><\/h4><ol><li style=\"font-weight: 400;\" aria-level=\"1\"><span style=\"font-weight: 400;\">Psychologische Dienstleistungen werden in Form eines pers\u00f6nlichen Termins in der Praxis des Psychologen unter folgender Adresse erbracht: Bahnhofstra\u00dfe 7, 48455 Bad Bentheim.<\/span><\/li><\/ol><h4><b>V. Abschluss des Psychologischen Vertrags<\/b><\/h4><ol><li style=\"font-weight: 400;\" aria-level=\"1\"><span style=\"font-weight: 400;\">Der Kunde kontaktiert den Dienstleister telefonisch (einschlie\u00dflich \u00fcber WhatsApp oder Messenger) oder per E-Mail.<\/span><\/li><li style=\"font-weight: 400;\" aria-level=\"1\"><span style=\"font-weight: 400;\">Der psychologische Vertrag kommt zustande, sobald der Kunde einen Termin ausw\u00e4hlt und das ausgef\u00fcllte Formular \u00fcbermittelt.<\/span><\/li><li style=\"font-weight: 400;\" aria-level=\"1\"><span style=\"font-weight: 400;\">Der Abschluss des Psychologischen Vertrags bedeutet die Zustimmung des Klienten zur Erbringung der Dienstleistungen.<\/span><\/li><li style=\"font-weight: 400;\" aria-level=\"1\"><span style=\"font-weight: 400;\">Die Sitzung dauert in der Regel 50 Minuten.<\/span><\/li><li style=\"font-weight: 400;\" aria-level=\"1\"><span style=\"font-weight: 400;\">Der Klient ist verpflichtet, p\u00fcnktlich zu erscheinen; Versp\u00e4tungen verk\u00fcrzen die Dauer der Sitzung.<\/span><\/li><li style=\"font-weight: 400;\" aria-level=\"1\"><span style=\"font-weight: 400;\">Der Psycholog wartet 15 Minuten auf den Klienten; bei Abwesenheit kann die Sitzung beendet werden.<\/span><\/li><\/ol><h4><b>VI. Teilnahmebescheinigung<\/b><\/h4><ol><li style=\"font-weight: 400;\" aria-level=\"1\"><span style=\"font-weight: 400;\">Teilnahmebescheinigungen werden auf Wunsch des Klienten gem\u00e4\u00df den tats\u00e4chlichen Gegebenheiten ausgestellt.<\/span><\/li><li style=\"font-weight: 400;\" aria-level=\"1\"><span style=\"font-weight: 400;\">Der Klient kann die Sprache w\u00e4hlen, in der die Teilnahmebescheinigung ausgestellt wird: Polnisch, Deutsch oder Englisch.<\/span><\/li><\/ol><h4><b>VII. Verg\u00fctung<\/b><\/h4><ol><li style=\"font-weight: 400;\" aria-level=\"1\"><span style=\"font-weight: 400;\">Die Zahlung erfolgt bar oder mit Karte.<\/span><\/li><li style=\"font-weight: 400;\" aria-level=\"1\"><span style=\"font-weight: 400;\">Die Geb\u00fchr muss sp\u00e4testens am Tag der Sitzung entrichtet werden.<\/span><\/li><li style=\"font-weight: 400;\" aria-level=\"1\">Im Falle einer Nichtzahlung wird eine Mahnung gem\u00e4\u00df \u00a7 286 des B\u00fcrgerlichen Gesetzbuches (BGB) ausgestellt.<\/li><li aria-level=\"1\">Der Dienstleister beh\u00e4lt sich das Recht vor, keine weiteren Termine zu vereinbaren, bis alle ausstehenden Zahlungen beglichen sind.<\/li><li style=\"font-weight: 400;\" aria-level=\"1\"><span style=\"font-weight: 400;\">Der Dienstleister beh\u00e4lt sich das Recht vor, keine weiteren Termine zu vereinbaren, bis alle ausstehenden Zahlungen beglichen sind.<\/span><\/li><\/ol><h4><b>VIII. Rechte und Pflichten der Parteien<\/b><\/h4><p><span style=\"font-weight: 400;\">Dienstleister:<\/span><\/p><ul><li style=\"font-weight: 400;\" aria-level=\"1\"><span style=\"font-weight: 400;\">Erbringt die Dienstleistungen gem\u00e4\u00df dem Psychologischen Vertrag und der Gesch\u00e4ftsordnung.<\/span><\/li><li style=\"font-weight: 400;\" aria-level=\"1\"><span style=\"font-weight: 400;\">Wahrt die Vertraulichkeit der Informationen \u00fcber den Klienten.<\/span><\/li><li style=\"font-weight: 400;\" aria-level=\"1\"><span style=\"font-weight: 400;\">Kann vom Psychologischen Vertrag zur\u00fccktreten oder die Erbringung der Dienstleistungen im Falle eines Fehlverhaltens des Klienten einstellen.<\/span><\/li><\/ul><p><span style=\"font-weight: 400;\">Klient:<\/span><\/p><ul><li style=\"font-weight: 400;\" aria-level=\"1\"><span style=\"font-weight: 400;\">Hat das Recht auf Inanspruchnahme der Dienstleistungen gem\u00e4\u00df dem Psychologischen Vertrag.<\/span><\/li><li style=\"font-weight: 400;\" aria-level=\"1\"><span style=\"font-weight: 400;\">Kann vom Psychologischen Vertrag zur\u00fccktreten und Termine verschieben (mindestens 24 Stunden vor der Sitzung).<\/span><\/li><li style=\"font-weight: 400;\" aria-level=\"1\">Bei einer Absage weniger als 24 Stunden vor der Sitzung wird eine Geb\u00fchr in H\u00f6he von 50 % des Sitzungspreises erhoben.<\/li><\/ul><h4><b>IX. R\u00fccktritt vom Vertrag<\/b><\/h4><ol><li style=\"font-weight: 400;\" aria-level=\"1\"><span style=\"font-weight: 400;\">Jede Partei kann vom Vertrag zur\u00fccktreten, indem sie eine Erkl\u00e4rung abgibt, sodass die andere Partei diese mindestens 24 Stunden vor der Sitzung einsehen kann.<\/span><\/li><li style=\"font-weight: 400;\" aria-level=\"1\"><span style=\"font-weight: 400;\">Die Erkl\u00e4rung kann schriftlich oder per E-Mail an folgende Adresse \u00fcbermittelt werden: <\/span><a href=\"mailto:martapaturalski@gmail.com\"><span style=\"font-weight: 400;\">martapaturalski@gmail.com<\/span><\/a><span style=\"font-weight: 400;\"> .<\/span><\/li><\/ol><h4><b>X. Schlussbestimmungen<\/b><\/h4><ol><li style=\"font-weight: 400;\" aria-level=\"1\"><span style=\"font-weight: 400;\">Die Gesch\u00e4ftsordnung gilt ab dem Zeitpunkt der Ver\u00f6ffentlichung auf der Website und ist integraler Bestandteil des Psychologischen Vertrags.<\/span><\/li><\/ol>\t\t\t\t\t\t\t\t<\/div>\n\t\t\t\t\t<\/div>\n\t\t\t\t<\/div>\n\t\t\t\t<\/div>","protected":false},"excerpt":{"rendered":"<p>Regulamin Regulamin \u015bwiadczenia us\u0142ug psychologicznych I. Postanowienia og\u00f3lne Niniejszy regulamin stanowi wzorzec umowy zawieranej mi\u0119dzy Us\u0142ugodawc\u0105 a Klientem, chyba \u017ce strony sporz\u0105dz\u0105 indywidualn\u0105 umow\u0119 na pi\u015bmie, w kt\u00f3rej zmieni\u0105 okre\u015blone postanowienia. Wszelkie o\u015bwiadczenia sk\u0142adane przez strony wymagaj\u0105 formy umo\u017cliwiaj\u0105cej skuteczne zapoznanie si\u0119 z ich tre\u015bci\u0105 (np. e-mail, komunikator internetowy), chyba \u017ce strony postanowi\u0105 inaczej. Z [&hellip;]<\/p>","protected":false},"author":1,"featured_media":0,"parent":0,"menu_order":0,"comment_status":"closed","ping_status":"closed","template":"","meta":{"site-sidebar-layout":"no-sidebar","site-content-layout":"page-builder","ast-site-content-layout":"default","site-content-style":"default","site-sidebar-style":"default","ast-global-header-display":"","ast-banner-title-visibility":"","ast-main-header-display":"","ast-hfb-above-header-display":"","ast-hfb-below-header-display":"","ast-hfb-mobile-header-display":"","site-post-title":"disabled","ast-breadcrumbs-content":"disabled","ast-featured-img":"disabled","footer-sml-layout":"","theme-transparent-header-meta":"enabled","adv-header-id-meta":"","stick-header-meta":"","header-above-stick-meta":"","header-main-stick-meta":"","header-below-stick-meta":"","astra-migrate-meta-layouts":"default","ast-page-background-enabled":"default","ast-page-background-meta":{"desktop":{"background-color":"","background-image":"","background-repeat":"repeat","background-position":"center center","background-size":"auto","background-attachment":"scroll","background-type":"","background-media":"","overlay-type":"","overlay-color":"","overlay-opacity":"","overlay-gradient":""},"tablet":{"background-color":"","background-image":"","background-repeat":"repeat","background-position":"center center","background-size":"auto","background-attachment":"scroll","background-type":"","background-media":"","overlay-type":"","overlay-color":"","overlay-opacity":"","overlay-gradient":""},"mobile":{"background-color":"","background-image":"","background-repeat":"repeat","background-position":"center center","background-size":"auto","background-attachment":"scroll","background-type":"","background-media":"","overlay-type":"","overlay-color":"","overlay-opacity":"","overlay-gradient":""}},"ast-content-background-meta":{"desktop":{"background-color":"var(--ast-global-color-5)","background-image":"","background-repeat":"repeat","background-position":"center center","background-size":"auto","background-attachment":"scroll","background-type":"","background-media":"","overlay-type":"","overlay-color":"","overlay-opacity":"","overlay-gradient":""},"tablet":{"background-color":"var(--ast-global-color-5)","background-image":"","background-repeat":"repeat","background-position":"center center","background-size":"auto","background-attachment":"scroll","background-type":"","background-media":"","overlay-type":"","overlay-color":"","overlay-opacity":"","overlay-gradient":""},"mobile":{"background-color":"var(--ast-global-color-5)","background-image":"","background-repeat":"repeat","background-position":"center center","background-size":"auto","background-attachment":"scroll","background-type":"","background-media":"","overlay-type":"","overlay-color":"","overlay-opacity":"","overlay-gradient":""}},"footnotes":""},"class_list":["post-165","page","type-page","status-publish","hentry"],"_links":{"self":[{"href":"https:\/\/psycholog-paturalski.com\/de\/wp-json\/wp\/v2\/pages\/165","targetHints":{"allow":["GET"]}}],"collection":[{"href":"https:\/\/psycholog-paturalski.com\/de\/wp-json\/wp\/v2\/pages"}],"about":[{"href":"https:\/\/psycholog-paturalski.com\/de\/wp-json\/wp\/v2\/types\/page"}],"author":[{"embeddable":true,"href":"https:\/\/psycholog-paturalski.com\/de\/wp-json\/wp\/v2\/users\/1"}],"replies":[{"embeddable":true,"href":"https:\/\/psycholog-paturalski.com\/de\/wp-json\/wp\/v2\/comments?post=165"}],"version-history":[{"count":16,"href":"https:\/\/psycholog-paturalski.com\/de\/wp-json\/wp\/v2\/pages\/165\/revisions"}],"predecessor-version":[{"id":270,"href":"https:\/\/psycholog-paturalski.com\/de\/wp-json\/wp\/v2\/pages\/165\/revisions\/270"}],"wp:attachment":[{"href":"https:\/\/psycholog-paturalski.com\/de\/wp-json\/wp\/v2\/media?parent=165"}],"curies":[{"name":"wp","href":"https:\/\/api.w.org\/{rel}","templated":true}]}}