{"id":196,"date":"2025-10-07T12:14:55","date_gmt":"2025-10-07T12:14:55","guid":{"rendered":"https:\/\/psycholog-paturalski.com\/?page_id=196"},"modified":"2025-10-07T13:04:39","modified_gmt":"2025-10-07T13:04:39","slug":"polityka-prywatnosci","status":"publish","type":"page","link":"https:\/\/psycholog-paturalski.com\/de\/polityka-prywatnosci\/","title":{"rendered":"Datenschutzerkl\u00e4rung"},"content":{"rendered":"<div data-elementor-type=\"wp-page\" data-elementor-id=\"196\" class=\"elementor elementor-196\">\n\t\t\t\t\t\t<section class=\"elementor-section elementor-top-section elementor-element elementor-element-4aaf2196 elementor-section-content-middle elementor-section-boxed elementor-section-height-default elementor-section-height-default\" data-id=\"4aaf2196\" data-element_type=\"section\" data-settings=\"{&quot;background_background&quot;:&quot;classic&quot;}\">\n\t\t\t\t\t\t\t<div class=\"elementor-background-overlay\"><\/div>\n\t\t\t\t\t\t\t<div class=\"elementor-container elementor-column-gap-default\">\n\t\t\t\t\t<div class=\"elementor-column elementor-col-100 elementor-top-column elementor-element elementor-element-6a8b8ff\" data-id=\"6a8b8ff\" data-element_type=\"column\">\n\t\t\t<div class=\"elementor-widget-wrap elementor-element-populated\">\n\t\t\t\t\t\t<div class=\"elementor-element elementor-element-7b3b98df elementor-widget elementor-widget-heading\" data-id=\"7b3b98df\" data-element_type=\"widget\" data-widget_type=\"heading.default\">\n\t\t\t\t\t<h1 class=\"elementor-heading-title elementor-size-default\">Datenschutzerkl\u00e4rung<\/h1>\t\t\t\t<\/div>\n\t\t\t\t\t<\/div>\n\t\t<\/div>\n\t\t\t\t\t<\/div>\n\t\t<\/section>\n\t\t<div class=\"elementor-element elementor-element-1e9462c e-flex e-con-boxed e-con e-parent\" data-id=\"1e9462c\" data-element_type=\"container\">\n\t\t\t\t\t<div class=\"e-con-inner\">\n\t\t\t\t<div class=\"elementor-element elementor-element-2e30092 elementor-widget elementor-widget-text-editor\" data-id=\"2e30092\" data-element_type=\"widget\" data-widget_type=\"text-editor.default\">\n\t\t\t\t\t\t\t\t\t<p><strong>Allgemeine Informationen<\/strong><\/p><p><span style=\"font-weight: 400;\">Der Schutz Ihrer personenbezogenen Daten ist uns wichtig. Personenbezogene Daten sind alle Informationen, die eine Identifizierung einer nat\u00fcrlichen Person erm\u00f6glichen. Diese Datenschutzerkl\u00e4rung informiert dar\u00fcber, welche Daten wir erheben, wie wir sie verwenden und welche Rechte Sie haben.<\/span><\/p><p>\u00a0<\/p><p><strong>Datenverantwortlicher<\/strong><\/p><p><span style=\"font-weight: 400;\">Marta Paturalski<\/span><\/p><p><span style=\"font-weight: 400;\">Master der Psychologie (Polen), Mitglied der PSTTSR<\/span><\/p><p><span style=\"font-weight: 400;\">Praxisadresse: Bahnhofstra\u00dfe 7, 48455 Bad Bentheim<\/span><\/p><p><span style=\"font-weight: 400;\">Korrespondenzadresse: Johann-Krabbe Str. 7, 48455 Bad Bentheim<\/span><\/p><p><span style=\"font-weight: 400;\">E-mail: martapaturalski@gmail.com<\/span><\/p><p>\u00a0<\/p><p><strong>Registrierungsformular<\/strong><\/p><p data-start=\"302\" data-end=\"688\">Im Rahmen des Registrierungsformulars erheben wir personenbezogene Daten, die zur Terminvereinbarung und zur ordnungsgem\u00e4\u00dfen Vorbereitung der Psychologischen Konsultation erforderlich sind, einschlie\u00dflich: Vorname, Nachname, E-Mail-Adresse, Telefonnummer, Wohnadresse, Geburtsdatum, Alter, Ausbildung, Familienstand, ausge\u00fcbter Beruf, Grund der Anmeldung sowie Kontaktdaten einer Person f\u00fcr den Notfall.<\/p><p data-start=\"690\" data-end=\"731\">Diese Daten werden ausschlie\u00dflich zum Zwecke der Terminregistrierung und -organisation, der Kommunikation im Zusammenhang mit dem vereinbarten Termin sowie zur Gew\u00e4hrleistung einer angemessenen psychologischen Unterst\u00fctzung verarbeitet.<\/p><p data-start=\"958\" data-end=\"1246\">Alle \u00fcbermittelten Informationen werden vertraulich behandelt und unterliegen der beruflichen Schweigepflicht.\u00a0<\/p><p data-start=\"958\" data-end=\"1246\">\u00a0<\/p><p><strong>Hosting-Anbieter<\/strong><\/p><p><span style=\"font-weight: 400;\">Unsere Website wird von SEOHOST Sp. z o.o. gehostet:<\/span><span style=\"font-weight: 400;\"><br \/><\/span><span style=\"font-weight: 400;\">Obornicka-Stra\u00dfe 330, 60-689 Posen, Polen<\/span><span style=\"font-weight: 400;\"><br \/><\/span><span style=\"font-weight: 400;\">NIP: 9721323212, REGON: 520718284, KRS: 0000939910<\/span><\/p><p><span style=\"font-weight: 400;\">Der Hosting-Anbieter kann Daten wie IP-Adressen, Zugriffszeiten, besuchte Seiten und technische Informationen \u00fcber den Browser erfassen. Diese Daten werden ausschlie\u00dflich zur Aufrechterhaltung des Betriebs und der Sicherheit der Website verwendet und nicht mit anderen Diensten verkn\u00fcpft.<\/span><span style=\"font-weight: 400;\"><br \/><\/span><span style=\"font-weight: 400;\">Wi\u0119cej informacji na temat ochrony danych osobowych dostawcy hostingu znajdziesz na jego stronie internetowej: https:\/\/www.seohost.pl<\/span><\/p><p><br \/><strong style=\"font-size: 16px;\">Google Maps<\/strong><\/p><p><span style=\"font-weight: 400;\">Auf der Website verwenden wir Google Maps von Google LLC. Es k\u00f6nnen personenbezogene Daten, z.\u202fB. die IP-Adresse des Nutzers, \u00fcbermittelt werden. Weitere Informationen: <\/span><a href=\"https:\/\/policies.google.com\/privacy\"><span style=\"font-weight: 400;\">https:\/\/policies.google.com\/privacy<\/span><\/a><span style=\"font-weight: 400;\">.<\/span><\/p><p>\u00a0<\/p><p><strong> SEO und Website-Analyse<\/strong><\/p><p><span style=\"font-weight: 400;\">Wir arbeiten mit einem SEO-Unternehmen zusammen, das Analysewerkzeuge (z.\u202fB. Google Analytics) zur anonymen Analyse des Website-Verkehrs und zur Optimierung von Inhalten einsetzen kann. Diese Werkzeuge k\u00f6nnen Cookies verwenden, die personenbezogene Daten wie IP-Adresse und Nutzerverhalten erfassen.<\/span><\/p><p><span style=\"font-weight: 400;\">Sie k\u00f6nnen die Verwendung von Cookies jederzeit \u00fcber das Cookie-Banner auf der Website ablehnen oder Ihre Zustimmung widerrufen.<\/span><\/p><p>\u00a0<\/p><p><strong> Speicherung und L\u00f6schung von Daten<\/strong><\/p><p><span style=\"font-weight: 400;\">Wir speichern Daten nur so lange, wie es erforderlich ist oder sich aus gesetzlichen Verpflichtungen ergibt. Danach werden die Daten gel\u00f6scht.<\/span><\/p><p>\u00a0<\/p><p><strong> Rechte der Nutzer<\/strong><\/p><p><span style=\"font-weight: 400;\">Das Recht auf Zugriff, Berichtigung, L\u00f6schung, Einschr\u00e4nkung der Verarbeitung, Widerspruch, Daten\u00fcbertragbarkeit und Einreichung einer Beschwerde bei der Aufsichtsbeh\u00f6rde.<\/span><\/p><p>\u00a0<\/p><p><strong> \u00c4nderungen der Datenschutzerkl\u00e4rung<\/strong><\/p><p><span style=\"font-weight: 400;\">Wir behalten uns das Recht vor, die Datenschutzerkl\u00e4rung anzupassen, um geltenden Vorschriften oder \u00c4nderungen auf der Website Rechnung zu tragen.<\/span><\/p><p><br style=\"font-weight: 400;\" \/><br style=\"font-weight: 400;\" \/><br \/><\/p>\t\t\t\t\t\t\t\t<\/div>\n\t\t\t\t\t<\/div>\n\t\t\t\t<\/div>\n\t\t\t\t<\/div>","protected":false},"excerpt":{"rendered":"<p>Polityka prywatno\u015bci Informacje og\u00f3lne Ochrona Pa\u0144stwa danych osobowych jest dla nas wa\u017cna. Dane osobowe to wszystkie informacje pozwalaj\u0105ce na identyfikacj\u0119 osoby fizycznej. Niniejsza polityka prywatno\u015bci informuje, jakie dane zbieramy, w jaki spos\u00f3b je wykorzystujemy i jakie maj\u0105 Pa\u0144stwo prawa. \u00a0 Administrator danych Marta Paturalski Magister Psychologii (Polska), cz\u0142onek PSTTSR Adres gabinetu: Bahnhofstra\u00dfe 7, 48455 Bad [&hellip;]<\/p>","protected":false},"author":1,"featured_media":0,"parent":0,"menu_order":0,"comment_status":"closed","ping_status":"closed","template":"","meta":{"site-sidebar-layout":"no-sidebar","site-content-layout":"page-builder","ast-site-content-layout":"default","site-content-style":"default","site-sidebar-style":"default","ast-global-header-display":"","ast-banner-title-visibility":"","ast-main-header-display":"","ast-hfb-above-header-display":"","ast-hfb-below-header-display":"","ast-hfb-mobile-header-display":"","site-post-title":"disabled","ast-breadcrumbs-content":"disabled","ast-featured-img":"disabled","footer-sml-layout":"","theme-transparent-header-meta":"enabled","adv-header-id-meta":"","stick-header-meta":"","header-above-stick-meta":"","header-main-stick-meta":"","header-below-stick-meta":"","astra-migrate-meta-layouts":"default","ast-page-background-enabled":"default","ast-page-background-meta":{"desktop":{"background-color":"","background-image":"","background-repeat":"repeat","background-position":"center center","background-size":"auto","background-attachment":"scroll","background-type":"","background-media":"","overlay-type":"","overlay-color":"","overlay-opacity":"","overlay-gradient":""},"tablet":{"background-color":"","background-image":"","background-repeat":"repeat","background-position":"center center","background-size":"auto","background-attachment":"scroll","background-type":"","background-media":"","overlay-type":"","overlay-color":"","overlay-opacity":"","overlay-gradient":""},"mobile":{"background-color":"","background-image":"","background-repeat":"repeat","background-position":"center center","background-size":"auto","background-attachment":"scroll","background-type":"","background-media":"","overlay-type":"","overlay-color":"","overlay-opacity":"","overlay-gradient":""}},"ast-content-background-meta":{"desktop":{"background-color":"var(--ast-global-color-5)","background-image":"","background-repeat":"repeat","background-position":"center center","background-size":"auto","background-attachment":"scroll","background-type":"","background-media":"","overlay-type":"","overlay-color":"","overlay-opacity":"","overlay-gradient":""},"tablet":{"background-color":"var(--ast-global-color-5)","background-image":"","background-repeat":"repeat","background-position":"center center","background-size":"auto","background-attachment":"scroll","background-type":"","background-media":"","overlay-type":"","overlay-color":"","overlay-opacity":"","overlay-gradient":""},"mobile":{"background-color":"var(--ast-global-color-5)","background-image":"","background-repeat":"repeat","background-position":"center center","background-size":"auto","background-attachment":"scroll","background-type":"","background-media":"","overlay-type":"","overlay-color":"","overlay-opacity":"","overlay-gradient":""}},"footnotes":""},"class_list":["post-196","page","type-page","status-publish","hentry"],"_links":{"self":[{"href":"https:\/\/psycholog-paturalski.com\/de\/wp-json\/wp\/v2\/pages\/196","targetHints":{"allow":["GET"]}}],"collection":[{"href":"https:\/\/psycholog-paturalski.com\/de\/wp-json\/wp\/v2\/pages"}],"about":[{"href":"https:\/\/psycholog-paturalski.com\/de\/wp-json\/wp\/v2\/types\/page"}],"author":[{"embeddable":true,"href":"https:\/\/psycholog-paturalski.com\/de\/wp-json\/wp\/v2\/users\/1"}],"replies":[{"embeddable":true,"href":"https:\/\/psycholog-paturalski.com\/de\/wp-json\/wp\/v2\/comments?post=196"}],"version-history":[{"count":7,"href":"https:\/\/psycholog-paturalski.com\/de\/wp-json\/wp\/v2\/pages\/196\/revisions"}],"predecessor-version":[{"id":219,"href":"https:\/\/psycholog-paturalski.com\/de\/wp-json\/wp\/v2\/pages\/196\/revisions\/219"}],"wp:attachment":[{"href":"https:\/\/psycholog-paturalski.com\/de\/wp-json\/wp\/v2\/media?parent=196"}],"curies":[{"name":"wp","href":"https:\/\/api.w.org\/{rel}","templated":true}]}}