{"id":201,"date":"2025-10-07T12:15:44","date_gmt":"2025-10-07T12:15:44","guid":{"rendered":"https:\/\/psycholog-paturalski.com\/?page_id=201"},"modified":"2025-10-07T13:06:21","modified_gmt":"2025-10-07T13:06:21","slug":"nota-prawna","status":"publish","type":"page","link":"https:\/\/psycholog-paturalski.com\/de\/nota-prawna\/","title":{"rendered":"Impressum"},"content":{"rendered":"<div data-elementor-type=\"wp-page\" data-elementor-id=\"201\" class=\"elementor elementor-201\">\n\t\t\t\t\t\t<section class=\"elementor-section elementor-top-section elementor-element elementor-element-4aaf2196 elementor-section-content-middle elementor-section-boxed elementor-section-height-default elementor-section-height-default\" data-id=\"4aaf2196\" data-element_type=\"section\" data-settings=\"{&quot;background_background&quot;:&quot;classic&quot;}\">\n\t\t\t\t\t\t\t<div class=\"elementor-background-overlay\"><\/div>\n\t\t\t\t\t\t\t<div class=\"elementor-container elementor-column-gap-default\">\n\t\t\t\t\t<div class=\"elementor-column elementor-col-100 elementor-top-column elementor-element elementor-element-6a8b8ff\" data-id=\"6a8b8ff\" data-element_type=\"column\">\n\t\t\t<div class=\"elementor-widget-wrap elementor-element-populated\">\n\t\t\t\t\t\t<div class=\"elementor-element elementor-element-7b3b98df elementor-widget elementor-widget-heading\" data-id=\"7b3b98df\" data-element_type=\"widget\" data-widget_type=\"heading.default\">\n\t\t\t\t\t<h1 class=\"elementor-heading-title elementor-size-default\">Impressum<\/h1>\t\t\t\t<\/div>\n\t\t\t\t\t<\/div>\n\t\t<\/div>\n\t\t\t\t\t<\/div>\n\t\t<\/section>\n\t\t<div class=\"elementor-element elementor-element-1e9462c e-flex e-con-boxed e-con e-parent\" data-id=\"1e9462c\" data-element_type=\"container\">\n\t\t\t\t\t<div class=\"e-con-inner\">\n\t\t\t\t<div class=\"elementor-element elementor-element-2e30092 elementor-widget elementor-widget-text-editor\" data-id=\"2e30092\" data-element_type=\"widget\" data-widget_type=\"text-editor.default\">\n\t\t\t\t\t\t\t\t\t<p><span style=\"font-weight: 400;\">Daten gem\u00e4\u00df \u00a7\u202f5 Digitale-Dienste-Gesetz (DDG)<\/span><\/p><p><span style=\"font-weight: 400;\">Inhaltlich Verantwortlicher:<\/span><\/p><p><span style=\"font-weight: 400;\">Marta Paturalski<\/span><\/p><p><span style=\"font-weight: 400;\">Master der Psychologie (Polen)<\/span><\/p><p><span style=\"font-weight: 400;\">Mitglied des Polnischen Verbands der Therapeuten der L\u00f6sungsfokussierten Therapie (PSTTSR). Ich handle gem\u00e4\u00df den ethischen Grunds\u00e4tzen des Verbandes. Die Mitgliedschaft bezieht sich ausschlie\u00dflich auf Qualifikationen in Polen; derzeit keine Anerkennung in Deutschland.<\/span><\/p><p>\u00a0<\/p><p><span style=\"font-weight: 400;\">Praxisadresse (Ort der Leistungserbringung):<\/span><\/p><p><span style=\"font-weight: 400;\">Bahnhofstra\u00dfe 7<\/span><\/p><p><span style=\"font-weight: 400;\">48455 Bad Bentheim<\/span><\/p><p><span style=\"font-weight: 400;\">Deutschland<\/span><\/p><p><br \/><br \/><\/p><p><span style=\"font-weight: 400;\">Korrespondenzadresse:<\/span><\/p><p><span style=\"font-weight: 400;\">Johann-Krabbe Str. 7<\/span><\/p><p><span style=\"font-weight: 400;\">48455 Bad Bentheim<\/span><\/p><p><span style=\"font-weight: 400;\">Deutschland<\/span><\/p><p>\u00a0<\/p><p><span style=\"font-weight: 400;\">Kontakt<\/span><\/p><p><span style=\"font-weight: 400;\">Telefon: 049 176 44791274<\/span><\/p><p><span style=\"font-weight: 400;\">E-mail: martapaturalski@gmail.com<\/span><\/p><p>\u00a0<\/p><p><span style=\"font-weight: 400;\">Berufstitel:<\/span><\/p><p><span style=\"font-weight: 400;\">Master der Psychologie (Polen), derzeit in Deutschland nicht anerkannt<\/span><\/p><p>\u00a0<\/p><p><span style=\"font-weight: 400;\">Aufsichtsbeh\u00f6rde:<\/span><\/p><p><span style=\"font-weight: 400;\">Nicht zutreffend<\/span><\/p><p>\u00a0<\/p><p><span style=\"font-weight: 400;\">Verantwortliche Person f\u00fcr journalistisch-redaktionelle Inhalte gem\u00e4\u00df \u00a7\u202f18 Abs.\u202f2 MStV:<\/span><\/p><p><span style=\"font-weight: 400;\">Marta Paturalski, oben genannte Adresse<\/span><\/p><p>\u00a0<\/p><p><span style=\"font-weight: 400;\">Umsatzsteuer-Identifikationsnummer (USt-IdNr.):<\/span><\/p><p><span style=\"font-weight: 400;\">Kann sp\u00e4ter erg\u00e4nzt werden<\/span><\/p><p>\u00a0<\/p><p><span style=\"font-weight: 400;\">Haftungsausschluss:<\/span><\/p><p><span style=\"font-weight: 400;\">Die Inhalte dieser Website wurden mit der gebotenen Sorgfalt erstellt. Wir k\u00f6nnen jedoch deren Richtigkeit, Vollst\u00e4ndigkeit oder Aktualit\u00e4t nicht garantieren.<\/span><\/p><p><span style=\"font-weight: 400;\">Wir \u00fcbernehmen keine Verantwortung f\u00fcr Inhalte von Websites, auf die von dieser Seite verlinkt wird. F\u00fcr die Inhalte externer Websites sind ausschlie\u00dflich deren Betreiber verantwortlich.<\/span><\/p>\t\t\t\t\t\t\t\t<\/div>\n\t\t\t\t\t<\/div>\n\t\t\t\t<\/div>\n\t\t\t\t<\/div>","protected":false},"excerpt":{"rendered":"<p>Nota prawna Dane zgodnie z \u00a7 5 Digitale-Dienste-Gesetz (DDG) Osoba odpowiedzialna za tre\u015b\u0107: Marta Paturalski Magister Psychologii (Polska) Cz\u0142onek Polskiego Stowarzyszenia Terapeut\u00f3w Terapii Skoncentrowanej na Rozwi\u0105zaniach (PSTTSR). Dzia\u0142am zgodnie z zasadami etyki Stowarzyszenia. Cz\u0142onkostwo dotyczy wy\u0142\u0105cznie kwalifikacji w Polsce; obecnie brak uznania w Niemczech. \u00a0 Adres gabinetu (miejsce \u015bwiadczenia us\u0142ug): Bahnhofstra\u00dfe 7 48455 Bad Bentheim [&hellip;]<\/p>","protected":false},"author":1,"featured_media":0,"parent":0,"menu_order":0,"comment_status":"closed","ping_status":"closed","template":"","meta":{"site-sidebar-layout":"no-sidebar","site-content-layout":"page-builder","ast-site-content-layout":"default","site-content-style":"default","site-sidebar-style":"default","ast-global-header-display":"","ast-banner-title-visibility":"","ast-main-header-display":"","ast-hfb-above-header-display":"","ast-hfb-below-header-display":"","ast-hfb-mobile-header-display":"","site-post-title":"disabled","ast-breadcrumbs-content":"disabled","ast-featured-img":"disabled","footer-sml-layout":"","theme-transparent-header-meta":"enabled","adv-header-id-meta":"","stick-header-meta":"","header-above-stick-meta":"","header-main-stick-meta":"","header-below-stick-meta":"","astra-migrate-meta-layouts":"default","ast-page-background-enabled":"default","ast-page-background-meta":{"desktop":{"background-color":"","background-image":"","background-repeat":"repeat","background-position":"center center","background-size":"auto","background-attachment":"scroll","background-type":"","background-media":"","overlay-type":"","overlay-color":"","overlay-opacity":"","overlay-gradient":""},"tablet":{"background-color":"","background-image":"","background-repeat":"repeat","background-position":"center center","background-size":"auto","background-attachment":"scroll","background-type":"","background-media":"","overlay-type":"","overlay-color":"","overlay-opacity":"","overlay-gradient":""},"mobile":{"background-color":"","background-image":"","background-repeat":"repeat","background-position":"center center","background-size":"auto","background-attachment":"scroll","background-type":"","background-media":"","overlay-type":"","overlay-color":"","overlay-opacity":"","overlay-gradient":""}},"ast-content-background-meta":{"desktop":{"background-color":"var(--ast-global-color-5)","background-image":"","background-repeat":"repeat","background-position":"center center","background-size":"auto","background-attachment":"scroll","background-type":"","background-media":"","overlay-type":"","overlay-color":"","overlay-opacity":"","overlay-gradient":""},"tablet":{"background-color":"var(--ast-global-color-5)","background-image":"","background-repeat":"repeat","background-position":"center center","background-size":"auto","background-attachment":"scroll","background-type":"","background-media":"","overlay-type":"","overlay-color":"","overlay-opacity":"","overlay-gradient":""},"mobile":{"background-color":"var(--ast-global-color-5)","background-image":"","background-repeat":"repeat","background-position":"center center","background-size":"auto","background-attachment":"scroll","background-type":"","background-media":"","overlay-type":"","overlay-color":"","overlay-opacity":"","overlay-gradient":""}},"footnotes":""},"class_list":["post-201","page","type-page","status-publish","hentry"],"_links":{"self":[{"href":"https:\/\/psycholog-paturalski.com\/de\/wp-json\/wp\/v2\/pages\/201","targetHints":{"allow":["GET"]}}],"collection":[{"href":"https:\/\/psycholog-paturalski.com\/de\/wp-json\/wp\/v2\/pages"}],"about":[{"href":"https:\/\/psycholog-paturalski.com\/de\/wp-json\/wp\/v2\/types\/page"}],"author":[{"embeddable":true,"href":"https:\/\/psycholog-paturalski.com\/de\/wp-json\/wp\/v2\/users\/1"}],"replies":[{"embeddable":true,"href":"https:\/\/psycholog-paturalski.com\/de\/wp-json\/wp\/v2\/comments?post=201"}],"version-history":[{"count":7,"href":"https:\/\/psycholog-paturalski.com\/de\/wp-json\/wp\/v2\/pages\/201\/revisions"}],"predecessor-version":[{"id":222,"href":"https:\/\/psycholog-paturalski.com\/de\/wp-json\/wp\/v2\/pages\/201\/revisions\/222"}],"wp:attachment":[{"href":"https:\/\/psycholog-paturalski.com\/de\/wp-json\/wp\/v2\/media?parent=201"}],"curies":[{"name":"wp","href":"https:\/\/api.w.org\/{rel}","templated":true}]}}