{"id":23,"date":"2025-10-02T07:01:22","date_gmt":"2025-10-02T07:01:22","guid":{"rendered":"https:\/\/psycholog-paturalski.com\/strona-glowna\/"},"modified":"2025-11-03T13:09:29","modified_gmt":"2025-11-03T13:09:29","slug":"strona-glowna","status":"publish","type":"page","link":"https:\/\/psycholog-paturalski.com\/de\/","title":{"rendered":"Start"},"content":{"rendered":"<div data-elementor-type=\"wp-page\" data-elementor-id=\"23\" class=\"elementor elementor-23\">\n\t\t\t\t\t\t<section class=\"elementor-section elementor-top-section elementor-element elementor-element-1b284375 elementor-section-boxed elementor-section-height-default elementor-section-height-default\" data-id=\"1b284375\" data-element_type=\"section\" data-settings=\"{&quot;background_background&quot;:&quot;classic&quot;}\">\n\t\t\t\t\t\t\t<div class=\"elementor-background-overlay\"><\/div>\n\t\t\t\t\t\t\t<div class=\"elementor-container elementor-column-gap-default\">\n\t\t\t\t\t<div class=\"elementor-column elementor-col-50 elementor-top-column elementor-element elementor-element-71829c0c\" data-id=\"71829c0c\" data-element_type=\"column\">\n\t\t\t<div class=\"elementor-widget-wrap elementor-element-populated\">\n\t\t\t\t\t\t<div class=\"elementor-element elementor-element-68a88db5 elementor-widget elementor-widget-heading\" data-id=\"68a88db5\" data-element_type=\"widget\" data-widget_type=\"heading.default\">\n\t\t\t\t\t<h1 class=\"elementor-heading-title elementor-size-default\">Sch\u00f6n, Sie zu sehen!<br><br>Ich bin Psychologin<br>und spezialisiert auf die Arbeit mit Erwachsenen.<\/h1>\t\t\t\t<\/div>\n\t\t\t\t<div class=\"elementor-element elementor-element-4efc1cb1 elementor-widget elementor-widget-text-editor\" data-id=\"4efc1cb1\" data-element_type=\"widget\" data-widget_type=\"text-editor.default\">\n\t\t\t\t\t\t\t\t\t<p><span style=\"font-weight: 400;\">Ich biete psychologische Beratungen sowie Unterst\u00fctzung im L\u00f6sungsorientierten Ansatz (LOA, engl. Solution Focused Approach \u2013 SFA) auf Polnisch und Englisch an.<\/span><\/p><p><span style=\"font-weight: 400;\">In meiner Arbeit lege ich Wert auf eine Beziehung, die auf Akzeptanz und Vertrauen basiert.<\/span><\/p><p><span style=\"font-weight: 400;\">Mit vollem Verst\u00e4ndnis und Empathie unterst\u00fctze ich dabei, gesetzte Ziele zu entdecken, Herausforderungen zu meistern und eigene L\u00f6sungen zu finden.<\/span><\/p>\t\t\t\t\t\t\t\t<\/div>\n\t\t\t\t<div class=\"elementor-element elementor-element-80d2bae elementor-widget elementor-widget-button\" data-id=\"80d2bae\" data-element_type=\"widget\" data-widget_type=\"button.default\">\n\t\t\t\t\t\t\t\t\t\t<a class=\"elementor-button elementor-button-link elementor-size-sm\" href=\"https:\/\/psycholog-paturalski.com\/de\/kontakt\/\">\n\t\t\t\t\t\t<span class=\"elementor-button-content-wrapper\">\n\t\t\t\t\t\t\t\t\t<span class=\"elementor-button-text\">TERMIN VEREINBAREN<\/span>\n\t\t\t\t\t<\/span>\n\t\t\t\t\t<\/a>\n\t\t\t\t\t\t\t\t<\/div>\n\t\t\t\t\t<\/div>\n\t\t<\/div>\n\t\t\t\t<div class=\"elementor-column elementor-col-50 elementor-top-column elementor-element elementor-element-39a2d032\" data-id=\"39a2d032\" data-element_type=\"column\">\n\t\t\t<div class=\"elementor-widget-wrap elementor-element-populated\">\n\t\t\t\t\t\t<div class=\"elementor-element elementor-element-7110bcd elementor-widget__width-initial elementor-widget elementor-widget-image\" data-id=\"7110bcd\" data-element_type=\"widget\" data-widget_type=\"image.default\">\n\t\t\t\t\t\t\t\t\t\t\t\t\t\t\t<img fetchpriority=\"high\" decoding=\"async\" width=\"1638\" height=\"2048\" src=\"https:\/\/psycholog-paturalski.com\/wp-content\/uploads\/2025\/10\/IMG_9624.jpg\" class=\"attachment-full size-full wp-image-89\" alt=\"\" srcset=\"https:\/\/psycholog-paturalski.com\/wp-content\/uploads\/2025\/10\/IMG_9624.jpg 1638w, https:\/\/psycholog-paturalski.com\/wp-content\/uploads\/2025\/10\/IMG_9624-240x300.jpg 240w, https:\/\/psycholog-paturalski.com\/wp-content\/uploads\/2025\/10\/IMG_9624-819x1024.jpg 819w, https:\/\/psycholog-paturalski.com\/wp-content\/uploads\/2025\/10\/IMG_9624-768x960.jpg 768w, https:\/\/psycholog-paturalski.com\/wp-content\/uploads\/2025\/10\/IMG_9624-1229x1536.jpg 1229w\" sizes=\"(max-width: 1638px) 100vw, 1638px\" \/>\t\t\t\t\t\t\t\t\t\t\t\t\t\t\t<\/div>\n\t\t\t\t\t<\/div>\n\t\t<\/div>\n\t\t\t\t\t<\/div>\n\t\t<\/section>\n\t\t\t\t<section class=\"elementor-section elementor-top-section elementor-element elementor-element-76a2f263 elementor-section-boxed elementor-section-height-default elementor-section-height-default\" data-id=\"76a2f263\" data-element_type=\"section\" data-settings=\"{&quot;background_background&quot;:&quot;classic&quot;}\">\n\t\t\t\t\t\t<div class=\"elementor-container elementor-column-gap-default\">\n\t\t\t\t\t<div class=\"elementor-column elementor-col-100 elementor-top-column elementor-element elementor-element-58b3b7c1\" data-id=\"58b3b7c1\" data-element_type=\"column\">\n\t\t\t<div class=\"elementor-widget-wrap elementor-element-populated\">\n\t\t\t\t\t\t<div class=\"elementor-element elementor-element-174edda7 elementor-widget elementor-widget-heading\" data-id=\"174edda7\" data-element_type=\"widget\" data-widget_type=\"heading.default\">\n\t\t\t\t\t<h2 class=\"elementor-heading-title elementor-size-default\">Womit kann ich Ihnen helfen<\/h2>\t\t\t\t<\/div>\n\t\t\t\t\t<\/div>\n\t\t<\/div>\n\t\t\t\t\t<\/div>\n\t\t<\/section>\n\t\t<div class=\"elementor-element elementor-element-af66071 e-grid e-con-boxed e-con e-parent\" data-id=\"af66071\" data-element_type=\"container\" data-settings=\"{&quot;background_background&quot;:&quot;classic&quot;}\">\n\t\t\t\t\t<div class=\"e-con-inner\">\n\t\t\t\t<div class=\"elementor-element elementor-element-58c0ddd elementor-widget elementor-widget-heading\" data-id=\"58c0ddd\" data-element_type=\"widget\" data-widget_type=\"heading.default\">\n\t\t\t\t\t<h3 class=\"elementor-heading-title elementor-size-default\"><a href=\"https:\/\/psycholog-paturalski.com\/de\/oferta\/\">psychologische Beratung<\/a><\/h3>\t\t\t\t<\/div>\n\t\t\t\t<div class=\"elementor-element elementor-element-076bcbf elementor-widget elementor-widget-heading\" data-id=\"076bcbf\" data-element_type=\"widget\" data-widget_type=\"heading.default\">\n\t\t\t\t\t<h3 class=\"elementor-heading-title elementor-size-default\"><a href=\"https:\/\/psycholog-paturalski.com\/de\/oferta\/\">Unterst\u00fctzung in der Krise und pers\u00f6nliche Entwicklung<\/a><\/h3>\t\t\t\t<\/div>\n\t\t\t\t\t<\/div>\n\t\t\t\t<\/div>\n\t\t\t\t<section class=\"elementor-section elementor-top-section elementor-element elementor-element-31a08de1 elementor-section-boxed elementor-section-height-default elementor-section-height-default\" data-id=\"31a08de1\" data-element_type=\"section\" data-settings=\"{&quot;background_background&quot;:&quot;classic&quot;}\">\n\t\t\t\t\t\t<div class=\"elementor-container elementor-column-gap-default\">\n\t\t\t\t\t<div class=\"elementor-column elementor-col-100 elementor-top-column elementor-element elementor-element-2267810\" data-id=\"2267810\" data-element_type=\"column\">\n\t\t\t<div class=\"elementor-widget-wrap elementor-element-populated\">\n\t\t\t\t<div class=\"elementor-element elementor-element-9090108 e-flex e-con-boxed e-con e-parent\" data-id=\"9090108\" data-element_type=\"container\">\n\t\t\t\t\t<div class=\"e-con-inner\">\n\t\t\t\t<div class=\"elementor-element elementor-element-cf18e4c elementor-widget elementor-widget-heading\" data-id=\"cf18e4c\" data-element_type=\"widget\" data-widget_type=\"heading.default\">\n\t\t\t\t\t<h2 class=\"elementor-heading-title elementor-size-default\">\u00dcber mich<\/h2>\t\t\t\t<\/div>\n\t\t\t\t\t<\/div>\n\t\t\t\t<\/div>\n\t\t\t\t\t<\/div>\n\t\t<\/div>\n\t\t\t\t\t<\/div>\n\t\t<\/section>\n\t\t<div class=\"elementor-element elementor-element-7c03f40 e-grid e-con-boxed e-con e-parent\" data-id=\"7c03f40\" data-element_type=\"container\">\n\t\t\t\t\t<div class=\"e-con-inner\">\n\t\t\t\t<div class=\"elementor-element elementor-element-ad614f3 elementor-widget elementor-widget-text-editor\" data-id=\"ad614f3\" data-element_type=\"widget\" data-widget_type=\"text-editor.default\">\n\t\t\t\t\t\t\t\t\t<p><span style=\"font-weight: 400;\"><strong>Lernen Sie mich besser kennen.<\/strong> <\/span><span style=\"font-weight: 400;\"><br \/><\/span><span style=\"font-weight: 400;\">Ich hei\u00dfe Marta Paturalski.<\/span><\/p><p><span style=\"font-weight: 400;\"><br \/><\/span><span style=\"font-weight: 400;\">Ich habe einen Masterabschluss in Psychologie mit dem Schwerpunkt Psychotherapie von der Hochschule f\u00fcr Management in Warschau sowie einen Masterabschluss in Management \u2013 Wirtschaftsrecht von der Helena-Chodkowska-Hochschule f\u00fcr Technik und Wirtschaft in Warschau.\nAu\u00dferdem bin ich Absolventin der Kardinal-Stefan-Wyszy\u0144ski-Universit\u00e4t in Warschau, wo ich Internationale Beziehungen studiert habe.\nZus\u00e4tzlich habe ich ein postgraduales Studium im Bereich Psychotraumatologie an der Hochschule f\u00fcr Wirtschaft und Angewandte Wissenschaften \u201eVarsovia\u201c in Warschau abgeschlossen.<\/span><\/p><p><span style=\"font-weight: 400;\">Meine psychologische Erfahrung habe ich beim Verein \u201eWidz\u0105cych Wi\u0119cej\u201c sowie in den folgenden psychologischen Praxen gesammelt: Przysta\u0144 Psychologiczna und Psychologische Praxis Semko Lipiec.<\/span><\/p><p><span style=\"font-weight: 400;\">Ich f\u00fchre derzeit eine private Praxis in Bad Bentheim und biete psychologische Unterst\u00fctzung f\u00fcr Erwachsene an.<\/span><\/p><p><span style=\"font-weight: 400;\">Die Philosophie der l\u00f6sungsfokussierten Kurzzeittherapie (SFBT) ist mir besonders wichtig und pr\u00e4gt meine Arbeit mit Klienten.<\/span><\/p><p><a href=\"https:\/\/psycholog-paturalski.com\/de\/o-mnie\/\"><span style=\"text-decoration: underline;\">Mehr lesen<\/span><\/a><br style=\"font-weight: 400;\" \/><br style=\"font-weight: 400;\" \/><\/p>\t\t\t\t\t\t\t\t<\/div>\n\t\t\t\t<div class=\"elementor-element elementor-element-16c5d73 elementor-widget elementor-widget-image\" data-id=\"16c5d73\" data-element_type=\"widget\" data-widget_type=\"image.default\">\n\t\t\t\t\t\t\t\t\t\t\t\t\t\t\t<img decoding=\"async\" width=\"819\" height=\"1024\" src=\"https:\/\/psycholog-paturalski.com\/wp-content\/uploads\/2025\/10\/IMG_9644-819x1024.jpg\" class=\"attachment-large size-large wp-image-92\" alt=\"\" srcset=\"https:\/\/psycholog-paturalski.com\/wp-content\/uploads\/2025\/10\/IMG_9644-819x1024.jpg 819w, https:\/\/psycholog-paturalski.com\/wp-content\/uploads\/2025\/10\/IMG_9644-240x300.jpg 240w, https:\/\/psycholog-paturalski.com\/wp-content\/uploads\/2025\/10\/IMG_9644-768x960.jpg 768w, https:\/\/psycholog-paturalski.com\/wp-content\/uploads\/2025\/10\/IMG_9644-1229x1536.jpg 1229w, https:\/\/psycholog-paturalski.com\/wp-content\/uploads\/2025\/10\/IMG_9644.jpg 1638w\" sizes=\"(max-width: 819px) 100vw, 819px\" \/>\t\t\t\t\t\t\t\t\t\t\t\t\t\t\t<\/div>\n\t\t\t\t\t<\/div>\n\t\t\t\t<\/div>\n\t\t<div class=\"elementor-element elementor-element-4f33502 e-flex e-con-boxed e-con e-parent\" data-id=\"4f33502\" data-element_type=\"container\">\n\t\t\t\t\t<div class=\"e-con-inner\">\n\t\t\t\t<div class=\"elementor-element elementor-element-84842e7 elementor-widget elementor-widget-text-editor\" data-id=\"84842e7\" data-element_type=\"widget\" data-widget_type=\"text-editor.default\">\n\t\t\t\t\t\t\t\t\t<p><em><span style=\"font-weight: 400;\">Wenn etwas funktioniert, mach mehr davon.<\/span><span style=\"font-weight: 400;\"><br \/><\/span><span style=\"font-weight: 400;\">Wenn etwas nicht funktioniert, mach etwas anderes.<\/span><span style=\"font-weight: 400;\"><br \/><\/span><span style=\"font-weight: 400;\">Wenn etwas nicht kaputt ist, repariere es nicht.<\/span><\/em><\/p><p><span style=\"font-weight: 400;\">Steve de Shazer<\/span><\/p>\t\t\t\t\t\t\t\t<\/div>\n\t\t\t\t\t<\/div>\n\t\t\t\t<\/div>\n\t\t\t\t<\/div>","protected":false},"excerpt":{"rendered":"<p>Mi\u0142o Ci\u0119 widzie\u0107! Jestem psychologiem.Specjalizuj\u0119 si\u0119 w pracy z osobami doros\u0142ymi. Oferuj\u0119 konsultacje psychologiczne oraz wsparcie w Podej\u015bciu Skoncentrowanym na Rozwi\u0105zaniach (PSR, ang. Solution Focused Approach \u2013 SFA) w j\u0119zyku polskim i angielskim. W swojej pracy stawiam na relacj\u0119 opart\u0105 na akceptacji i zaufaniu. Z pe\u0142nym zrozumieniem i empati\u0105 wspieram w odkrywaniu zamierzonych cel\u00f3w pomagaj\u0105c [&hellip;]<\/p>","protected":false},"author":1,"featured_media":0,"parent":0,"menu_order":0,"comment_status":"closed","ping_status":"closed","template":"","meta":{"site-sidebar-layout":"no-sidebar","site-content-layout":"page-builder","ast-site-content-layout":"default","site-content-style":"default","site-sidebar-style":"default","ast-global-header-display":"","ast-banner-title-visibility":"","ast-main-header-display":"","ast-hfb-above-header-display":"","ast-hfb-below-header-display":"","ast-hfb-mobile-header-display":"","site-post-title":"disabled","ast-breadcrumbs-content":"","ast-featured-img":"disabled","footer-sml-layout":"","theme-transparent-header-meta":"enabled","adv-header-id-meta":"","stick-header-meta":"","header-above-stick-meta":"","header-main-stick-meta":"","header-below-stick-meta":"","astra-migrate-meta-layouts":"default","ast-page-background-enabled":"default","ast-page-background-meta":{"desktop":{"background-color":"","background-image":"","background-repeat":"repeat","background-position":"center center","background-size":"auto","background-attachment":"scroll","background-type":"","background-media":"","overlay-type":"","overlay-color":"","overlay-opacity":"","overlay-gradient":""},"tablet":{"background-color":"","background-image":"","background-repeat":"repeat","background-position":"center center","background-size":"auto","background-attachment":"scroll","background-type":"","background-media":"","overlay-type":"","overlay-color":"","overlay-opacity":"","overlay-gradient":""},"mobile":{"background-color":"","background-image":"","background-repeat":"repeat","background-position":"center center","background-size":"auto","background-attachment":"scroll","background-type":"","background-media":"","overlay-type":"","overlay-color":"","overlay-opacity":"","overlay-gradient":""}},"ast-content-background-meta":{"desktop":{"background-color":"var(--ast-global-color-5)","background-image":"","background-repeat":"repeat","background-position":"center center","background-size":"auto","background-attachment":"scroll","background-type":"","background-media":"","overlay-type":"","overlay-color":"","overlay-opacity":"","overlay-gradient":""},"tablet":{"background-color":"var(--ast-global-color-5)","background-image":"","background-repeat":"repeat","background-position":"center center","background-size":"auto","background-attachment":"scroll","background-type":"","background-media":"","overlay-type":"","overlay-color":"","overlay-opacity":"","overlay-gradient":""},"mobile":{"background-color":"var(--ast-global-color-5)","background-image":"","background-repeat":"repeat","background-position":"center center","background-size":"auto","background-attachment":"scroll","background-type":"","background-media":"","overlay-type":"","overlay-color":"","overlay-opacity":"","overlay-gradient":""}},"footnotes":""},"class_list":["post-23","page","type-page","status-publish","hentry"],"_links":{"self":[{"href":"https:\/\/psycholog-paturalski.com\/de\/wp-json\/wp\/v2\/pages\/23","targetHints":{"allow":["GET"]}}],"collection":[{"href":"https:\/\/psycholog-paturalski.com\/de\/wp-json\/wp\/v2\/pages"}],"about":[{"href":"https:\/\/psycholog-paturalski.com\/de\/wp-json\/wp\/v2\/types\/page"}],"author":[{"embeddable":true,"href":"https:\/\/psycholog-paturalski.com\/de\/wp-json\/wp\/v2\/users\/1"}],"replies":[{"embeddable":true,"href":"https:\/\/psycholog-paturalski.com\/de\/wp-json\/wp\/v2\/comments?post=23"}],"version-history":[{"count":49,"href":"https:\/\/psycholog-paturalski.com\/de\/wp-json\/wp\/v2\/pages\/23\/revisions"}],"predecessor-version":[{"id":262,"href":"https:\/\/psycholog-paturalski.com\/de\/wp-json\/wp\/v2\/pages\/23\/revisions\/262"}],"wp:attachment":[{"href":"https:\/\/psycholog-paturalski.com\/de\/wp-json\/wp\/v2\/media?parent=23"}],"curies":[{"name":"wp","href":"https:\/\/api.w.org\/{rel}","templated":true}]}}