{"id":29,"date":"2025-10-02T07:01:22","date_gmt":"2025-10-02T07:01:22","guid":{"rendered":"https:\/\/psycholog-paturalski.com\/oferta\/"},"modified":"2025-10-02T19:51:13","modified_gmt":"2025-10-02T19:51:13","slug":"oferta","status":"publish","type":"page","link":"https:\/\/psycholog-paturalski.com\/de\/oferta\/","title":{"rendered":"Leistungen"},"content":{"rendered":"<div data-elementor-type=\"wp-page\" data-elementor-id=\"29\" class=\"elementor elementor-29\">\n\t\t\t\t\t\t<section class=\"elementor-section elementor-top-section elementor-element elementor-element-185b05e8 elementor-section-content-middle elementor-section-boxed elementor-section-height-default elementor-section-height-default\" data-id=\"185b05e8\" data-element_type=\"section\" data-settings=\"{&quot;background_background&quot;:&quot;classic&quot;}\">\n\t\t\t\t\t\t\t<div class=\"elementor-background-overlay\"><\/div>\n\t\t\t\t\t\t\t<div class=\"elementor-container elementor-column-gap-default\">\n\t\t\t\t\t<div class=\"elementor-column elementor-col-100 elementor-top-column elementor-element elementor-element-5b7e0510\" data-id=\"5b7e0510\" data-element_type=\"column\">\n\t\t\t<div class=\"elementor-widget-wrap elementor-element-populated\">\n\t\t\t\t\t\t<div class=\"elementor-element elementor-element-646ea136 elementor-widget elementor-widget-heading\" data-id=\"646ea136\" data-element_type=\"widget\" data-widget_type=\"heading.default\">\n\t\t\t\t\t<h1 class=\"elementor-heading-title elementor-size-default\">Leistungen<\/h1>\t\t\t\t<\/div>\n\t\t\t\t\t<\/div>\n\t\t<\/div>\n\t\t\t\t\t<\/div>\n\t\t<\/section>\n\t\t<div class=\"elementor-element elementor-element-78dd6d0 e-flex e-con-boxed e-con e-parent\" data-id=\"78dd6d0\" data-element_type=\"container\">\n\t\t\t\t\t<div class=\"e-con-inner\">\n\t\t\t\t<div class=\"elementor-element elementor-element-77c0ca8 elementor-widget elementor-widget-heading\" data-id=\"77c0ca8\" data-element_type=\"widget\" data-widget_type=\"heading.default\">\n\t\t\t\t\t<h2 class=\"elementor-heading-title elementor-size-default\">PSYCHOLOGISCHE BERATUNG<\/h2>\t\t\t\t<\/div>\n\t\t\t\t\t<\/div>\n\t\t\t\t<\/div>\n\t\t<div class=\"elementor-element elementor-element-c4cd7fe e-flex e-con-boxed e-con e-parent\" data-id=\"c4cd7fe\" data-element_type=\"container\">\n\t\t\t\t\t<div class=\"e-con-inner\">\n\t\t\t\t<div class=\"elementor-element elementor-element-0bba390 elementor-widget elementor-widget-text-editor\" data-id=\"0bba390\" data-element_type=\"widget\" data-widget_type=\"text-editor.default\">\n\t\t\t\t\t\t\t\t\t<p><span style=\"font-weight: 400;\">Die psychologische Beratung stellt den ersten Schritt dar, in dem wir \u00fcber den Anlass der Beratung, die aktuellen Schwierigkeiten und die Zielsetzung sprechen.\u00a0<\/span><\/p><p><span style=\"font-weight: 400;\">Sie k\u00f6nnen eine psychologische Beratung in Anspruch nehmen, wenn Sie ein wichtiges pers\u00f6nliches Anliegen ordnen m\u00f6chten, kurzfristige Unterst\u00fctzung ben\u00f6tigen oder sich unsicher sind, welche Hilfe f\u00fcr Sie passend w\u00e4re.<\/span><\/p><p><span style=\"font-weight: 400;\">Im Anschluss an die Beratung kann ich weitere Unterst\u00fctzungsangebote empfehlen, die optimal auf Ihre pers\u00f6nlichen Bed\u00fcrfnisse abgestimmt sind.<\/span><\/p>\t\t\t\t\t\t\t\t<\/div>\n\t\t\t\t\t<\/div>\n\t\t\t\t<\/div>\n\t\t<div class=\"elementor-element elementor-element-be84490 e-flex e-con-boxed e-con e-parent\" data-id=\"be84490\" data-element_type=\"container\">\n\t\t\t\t\t<div class=\"e-con-inner\">\n\t\t\t\t<div class=\"elementor-element elementor-element-4bd2e43 elementor-widget elementor-widget-heading\" data-id=\"4bd2e43\" data-element_type=\"widget\" data-widget_type=\"heading.default\">\n\t\t\t\t\t<h2 class=\"elementor-heading-title elementor-size-default\">KRISENUNTERST\u00dcTZUNG UND PERS\u00d6NLICHE WEITERENTWICKLUNG<\/h2>\t\t\t\t<\/div>\n\t\t\t\t\t<\/div>\n\t\t\t\t<\/div>\n\t\t<div class=\"elementor-element elementor-element-a969461 e-flex e-con-boxed e-con e-parent\" data-id=\"a969461\" data-element_type=\"container\">\n\t\t\t\t\t<div class=\"e-con-inner\">\n\t\t\t\t<div class=\"elementor-element elementor-element-aa5f5e1 elementor-widget elementor-widget-text-editor\" data-id=\"aa5f5e1\" data-element_type=\"widget\" data-widget_type=\"text-editor.default\">\n\t\t\t\t\t\t\t\t\t<p><span style=\"font-weight: 400;\">Im Anschluss an die Beratung k\u00f6nnen Kurzzeitsitzungen fortgesetzt werden, wobei die Anzahl der Sitzungen auf Ihre individuellen Bed\u00fcrfnisse und Ihr Tempo abgestimmt wird.<\/span><\/p><p><span style=\"font-weight: 400;\">Die Sitzungen im l\u00f6sungsfokussierten Ansatz (LOA) konzentrieren sich auf die Suche nach L\u00f6sungen und die Nutzung Ihrer St\u00e4rken. Sie unterst\u00fctzen ein besseres Emotionsmanagement, er\u00f6ffnen neue Perspektiven auf Situationen und helfen, positive Ver\u00e4nderungen umzusetzen, die Sie Ihrem Wunschleben n\u00e4herbringen.<\/span><\/p><p><span style=\"font-weight: 400;\">Es ist eine geeignete Option, um Beziehungen zu st\u00e4rken, Gelassenheit in schwierigen Situationen zu finden oder sich bewusst pers\u00f6nlich weiterzuentwickeln.<\/span><\/p>\t\t\t\t\t\t\t\t<\/div>\n\t\t\t\t\t<\/div>\n\t\t\t\t<\/div>\n\t\t<div class=\"elementor-element elementor-element-fc8bddc e-flex e-con-boxed e-con e-parent\" data-id=\"fc8bddc\" data-element_type=\"container\">\n\t\t\t\t\t<div class=\"e-con-inner\">\n\t\t\t\t<div class=\"elementor-element elementor-element-85c9510 elementor-widget elementor-widget-heading\" data-id=\"85c9510\" data-element_type=\"widget\" data-widget_type=\"heading.default\">\n\t\t\t\t\t<h2 class=\"elementor-heading-title elementor-size-default\">Ich biete Unterst\u00fctzung in folgenden Bereichen:<\/h2>\t\t\t\t<\/div>\n\t\t\t\t\t<\/div>\n\t\t\t\t<\/div>\n\t\t<div class=\"elementor-element elementor-element-b0b169e e-flex e-con-boxed e-con e-parent\" data-id=\"b0b169e\" data-element_type=\"container\">\n\t\t\t\t\t<div class=\"e-con-inner\">\n\t\t\t\t<div class=\"elementor-element elementor-element-056e423 elementor-widget elementor-widget-text-editor\" data-id=\"056e423\" data-element_type=\"widget\" data-widget_type=\"text-editor.default\">\n\t\t\t\t\t\t\t\t\t<ul><li style=\"font-weight: 400;\" aria-level=\"1\"><span style=\"font-weight: 400;\">Eigene Ressourcen entdecken<\/span><\/li><li style=\"font-weight: 400;\" aria-level=\"1\"><span style=\"font-weight: 400;\">Krisen erleben<\/span><\/li><li style=\"font-weight: 400;\" aria-level=\"1\"><span style=\"font-weight: 400;\">Angst, Anspannung<\/span><\/li><li style=\"font-weight: 400;\" aria-level=\"1\"><span style=\"font-weight: 400;\">Niedergeschlagene Stimmung<\/span><\/li><li style=\"font-weight: 400;\" aria-level=\"1\"><span style=\"font-weight: 400;\">Schwierigkeiten in Beziehungen<\/span><\/li><li style=\"font-weight: 400;\" aria-level=\"1\"><span style=\"font-weight: 400;\">Umgang mit Stress\u00a0<\/span><\/li><li style=\"font-weight: 400;\" aria-level=\"1\"><span style=\"font-weight: 400;\">Aufbau von Selbstwertgef\u00fchl<\/span><\/li><li style=\"font-weight: 400;\" aria-level=\"1\"><span style=\"font-weight: 400;\">Schwierige Lebensentscheidungen<\/span><\/li><li style=\"font-weight: 400;\" aria-level=\"1\"><span style=\"font-weight: 400;\">Trauer und Verlust erleben <\/span><\/li><\/ul>\t\t\t\t\t\t\t\t<\/div>\n\t\t\t\t\t<\/div>\n\t\t\t\t<\/div>\n\t\t\t\t<\/div>","protected":false},"excerpt":{"rendered":"<p>Oferta KONSULTACJA PSYCHOLOGICZNA Konsultacja psychologiczna to pierwszy krok polegaj\u0105cy na rozmowie dotycz\u0105cej powodu zg\u0142oszenia, prze\u017cywanych trudno\u015bci oraz wyznaczania cel\u00f3w.\u00a0 Na konsultacj\u0119 mo\u017cesz um\u00f3wi\u0107 si\u0119, gdy chcesz uporz\u0105dkowa\u0107 wa\u017cny dla siebie temat, potrzebujesz dora\u017anego wsparcia lub zastanawiasz si\u0119 jakiej pomocy potrzebujesz. W wyniku konsultacji mog\u0119 zasugerowa\u0107 inne formy wsparcia najlepiej odpowiadaj\u0105ce na Twoje potrzeby. WSPARCIE W [&hellip;]<\/p>","protected":false},"author":1,"featured_media":0,"parent":0,"menu_order":0,"comment_status":"closed","ping_status":"closed","template":"","meta":{"site-sidebar-layout":"no-sidebar","site-content-layout":"page-builder","ast-site-content-layout":"default","site-content-style":"default","site-sidebar-style":"default","ast-global-header-display":"","ast-banner-title-visibility":"","ast-main-header-display":"","ast-hfb-above-header-display":"","ast-hfb-below-header-display":"","ast-hfb-mobile-header-display":"","site-post-title":"disabled","ast-breadcrumbs-content":"","ast-featured-img":"disabled","footer-sml-layout":"","theme-transparent-header-meta":"enabled","adv-header-id-meta":"","stick-header-meta":"","header-above-stick-meta":"","header-main-stick-meta":"","header-below-stick-meta":"","astra-migrate-meta-layouts":"default","ast-page-background-enabled":"default","ast-page-background-meta":{"desktop":{"background-color":"","background-image":"","background-repeat":"repeat","background-position":"center center","background-size":"auto","background-attachment":"scroll","background-type":"","background-media":"","overlay-type":"","overlay-color":"","overlay-opacity":"","overlay-gradient":""},"tablet":{"background-color":"","background-image":"","background-repeat":"repeat","background-position":"center center","background-size":"auto","background-attachment":"scroll","background-type":"","background-media":"","overlay-type":"","overlay-color":"","overlay-opacity":"","overlay-gradient":""},"mobile":{"background-color":"","background-image":"","background-repeat":"repeat","background-position":"center center","background-size":"auto","background-attachment":"scroll","background-type":"","background-media":"","overlay-type":"","overlay-color":"","overlay-opacity":"","overlay-gradient":""}},"ast-content-background-meta":{"desktop":{"background-color":"var(--ast-global-color-5)","background-image":"","background-repeat":"repeat","background-position":"center center","background-size":"auto","background-attachment":"scroll","background-type":"","background-media":"","overlay-type":"","overlay-color":"","overlay-opacity":"","overlay-gradient":""},"tablet":{"background-color":"var(--ast-global-color-5)","background-image":"","background-repeat":"repeat","background-position":"center center","background-size":"auto","background-attachment":"scroll","background-type":"","background-media":"","overlay-type":"","overlay-color":"","overlay-opacity":"","overlay-gradient":""},"mobile":{"background-color":"var(--ast-global-color-5)","background-image":"","background-repeat":"repeat","background-position":"center center","background-size":"auto","background-attachment":"scroll","background-type":"","background-media":"","overlay-type":"","overlay-color":"","overlay-opacity":"","overlay-gradient":""}},"footnotes":""},"class_list":["post-29","page","type-page","status-publish","hentry"],"_links":{"self":[{"href":"https:\/\/psycholog-paturalski.com\/de\/wp-json\/wp\/v2\/pages\/29","targetHints":{"allow":["GET"]}}],"collection":[{"href":"https:\/\/psycholog-paturalski.com\/de\/wp-json\/wp\/v2\/pages"}],"about":[{"href":"https:\/\/psycholog-paturalski.com\/de\/wp-json\/wp\/v2\/types\/page"}],"author":[{"embeddable":true,"href":"https:\/\/psycholog-paturalski.com\/de\/wp-json\/wp\/v2\/users\/1"}],"replies":[{"embeddable":true,"href":"https:\/\/psycholog-paturalski.com\/de\/wp-json\/wp\/v2\/comments?post=29"}],"version-history":[{"count":17,"href":"https:\/\/psycholog-paturalski.com\/de\/wp-json\/wp\/v2\/pages\/29\/revisions"}],"predecessor-version":[{"id":151,"href":"https:\/\/psycholog-paturalski.com\/de\/wp-json\/wp\/v2\/pages\/29\/revisions\/151"}],"wp:attachment":[{"href":"https:\/\/psycholog-paturalski.com\/de\/wp-json\/wp\/v2\/media?parent=29"}],"curies":[{"name":"wp","href":"https:\/\/api.w.org\/{rel}","templated":true}]}}