{"id":32,"date":"2025-10-02T07:01:22","date_gmt":"2025-10-02T07:01:22","guid":{"rendered":"https:\/\/psycholog-paturalski.com\/cennik\/"},"modified":"2026-03-25T15:02:47","modified_gmt":"2026-03-25T15:02:47","slug":"cennik","status":"publish","type":"page","link":"https:\/\/psycholog-paturalski.com\/de\/cennik\/","title":{"rendered":"Preisliste"},"content":{"rendered":"<div data-elementor-type=\"wp-page\" data-elementor-id=\"32\" class=\"elementor elementor-32\">\n\t\t\t\t\t\t<section class=\"elementor-section elementor-top-section elementor-element elementor-element-4aaf2196 elementor-section-content-middle elementor-section-boxed elementor-section-height-default elementor-section-height-default\" data-id=\"4aaf2196\" data-element_type=\"section\" data-settings=\"{&quot;background_background&quot;:&quot;classic&quot;}\">\n\t\t\t\t\t\t\t<div class=\"elementor-background-overlay\"><\/div>\n\t\t\t\t\t\t\t<div class=\"elementor-container elementor-column-gap-default\">\n\t\t\t\t\t<div class=\"elementor-column elementor-col-100 elementor-top-column elementor-element elementor-element-6a8b8ff\" data-id=\"6a8b8ff\" data-element_type=\"column\">\n\t\t\t<div class=\"elementor-widget-wrap elementor-element-populated\">\n\t\t\t\t\t\t<div class=\"elementor-element elementor-element-7b3b98df elementor-widget elementor-widget-heading\" data-id=\"7b3b98df\" data-element_type=\"widget\" data-widget_type=\"heading.default\">\n\t\t\t\t\t<h1 class=\"elementor-heading-title elementor-size-default\">Preisliste<\/h1>\t\t\t\t<\/div>\n\t\t\t\t\t<\/div>\n\t\t<\/div>\n\t\t\t\t\t<\/div>\n\t\t<\/section>\n\t\t\t\t<section class=\"elementor-section elementor-top-section elementor-element elementor-element-818e23e elementor-section-boxed elementor-section-height-default elementor-section-height-default\" data-id=\"818e23e\" data-element_type=\"section\">\n\t\t\t\t\t\t<div class=\"elementor-container elementor-column-gap-default\">\n\t\t\t\t\t<div class=\"elementor-column elementor-col-100 elementor-top-column elementor-element elementor-element-1f890e53\" data-id=\"1f890e53\" data-element_type=\"column\">\n\t\t\t<div class=\"elementor-widget-wrap elementor-element-populated\">\n\t\t\t\t\t\t<div class=\"elementor-element elementor-element-75e92926 uael-price-list__link-complete-no uael-pricelist-stack-mobile uael-price-list-shape-custom elementor-widget elementor-widget-uael-price-list\" data-id=\"75e92926\" data-element_type=\"widget\" data-settings=\"{&quot;pricelist_desc_margin&quot;:{&quot;unit&quot;:&quot;px&quot;,&quot;top&quot;:&quot;0&quot;,&quot;right&quot;:&quot;10&quot;,&quot;bottom&quot;:&quot;10&quot;,&quot;left&quot;:&quot;10&quot;,&quot;isLinked&quot;:false},&quot;row_gap&quot;:{&quot;unit&quot;:&quot;px&quot;,&quot;size&quot;:20,&quot;sizes&quot;:[]},&quot;row_gap_tablet&quot;:{&quot;unit&quot;:&quot;px&quot;,&quot;size&quot;:&quot;&quot;,&quot;sizes&quot;:[]},&quot;row_gap_mobile&quot;:{&quot;unit&quot;:&quot;px&quot;,&quot;size&quot;:&quot;&quot;,&quot;sizes&quot;:[]},&quot;pricelist_image_gap&quot;:{&quot;unit&quot;:&quot;px&quot;,&quot;size&quot;:0,&quot;sizes&quot;:[]},&quot;pricelist_image_gap_tablet&quot;:{&quot;unit&quot;:&quot;px&quot;,&quot;size&quot;:&quot;&quot;,&quot;sizes&quot;:[]},&quot;pricelist_image_gap_mobile&quot;:{&quot;unit&quot;:&quot;px&quot;,&quot;size&quot;:&quot;&quot;,&quot;sizes&quot;:[]},&quot;list_padding&quot;:{&quot;unit&quot;:&quot;px&quot;,&quot;top&quot;:&quot;&quot;,&quot;right&quot;:&quot;&quot;,&quot;bottom&quot;:&quot;&quot;,&quot;left&quot;:&quot;&quot;,&quot;isLinked&quot;:true},&quot;list_padding_tablet&quot;:{&quot;unit&quot;:&quot;px&quot;,&quot;top&quot;:&quot;&quot;,&quot;right&quot;:&quot;&quot;,&quot;bottom&quot;:&quot;&quot;,&quot;left&quot;:&quot;&quot;,&quot;isLinked&quot;:true},&quot;list_padding_mobile&quot;:{&quot;unit&quot;:&quot;px&quot;,&quot;top&quot;:&quot;&quot;,&quot;right&quot;:&quot;&quot;,&quot;bottom&quot;:&quot;&quot;,&quot;left&quot;:&quot;&quot;,&quot;isLinked&quot;:true},&quot;pricelist_title_margin&quot;:{&quot;unit&quot;:&quot;px&quot;,&quot;top&quot;:&quot;10&quot;,&quot;right&quot;:&quot;10&quot;,&quot;bottom&quot;:&quot;10&quot;,&quot;left&quot;:&quot;10&quot;,&quot;isLinked&quot;:true},&quot;pricelist_title_margin_tablet&quot;:{&quot;unit&quot;:&quot;px&quot;,&quot;top&quot;:&quot;&quot;,&quot;right&quot;:&quot;&quot;,&quot;bottom&quot;:&quot;&quot;,&quot;left&quot;:&quot;&quot;,&quot;isLinked&quot;:true},&quot;pricelist_title_margin_mobile&quot;:{&quot;unit&quot;:&quot;px&quot;,&quot;top&quot;:&quot;&quot;,&quot;right&quot;:&quot;&quot;,&quot;bottom&quot;:&quot;&quot;,&quot;left&quot;:&quot;&quot;,&quot;isLinked&quot;:true},&quot;pricelist_desc_margin_tablet&quot;:{&quot;unit&quot;:&quot;px&quot;,&quot;top&quot;:&quot;&quot;,&quot;right&quot;:&quot;&quot;,&quot;bottom&quot;:&quot;&quot;,&quot;left&quot;:&quot;&quot;,&quot;isLinked&quot;:true},&quot;pricelist_desc_margin_mobile&quot;:{&quot;unit&quot;:&quot;px&quot;,&quot;top&quot;:&quot;&quot;,&quot;right&quot;:&quot;&quot;,&quot;bottom&quot;:&quot;&quot;,&quot;left&quot;:&quot;&quot;,&quot;isLinked&quot;:true},&quot;pricelist_price_margin&quot;:{&quot;unit&quot;:&quot;px&quot;,&quot;top&quot;:&quot;10&quot;,&quot;right&quot;:&quot;10&quot;,&quot;bottom&quot;:&quot;10&quot;,&quot;left&quot;:&quot;10&quot;,&quot;isLinked&quot;:true},&quot;pricelist_price_margin_tablet&quot;:{&quot;unit&quot;:&quot;px&quot;,&quot;top&quot;:&quot;&quot;,&quot;right&quot;:&quot;&quot;,&quot;bottom&quot;:&quot;&quot;,&quot;left&quot;:&quot;&quot;,&quot;isLinked&quot;:true},&quot;pricelist_price_margin_mobile&quot;:{&quot;unit&quot;:&quot;px&quot;,&quot;top&quot;:&quot;&quot;,&quot;right&quot;:&quot;&quot;,&quot;bottom&quot;:&quot;&quot;,&quot;left&quot;:&quot;&quot;,&quot;isLinked&quot;:true},&quot;image_width&quot;:{&quot;unit&quot;:&quot;px&quot;,&quot;size&quot;:150,&quot;sizes&quot;:[]},&quot;image_width_tablet&quot;:{&quot;unit&quot;:&quot;px&quot;,&quot;size&quot;:&quot;&quot;,&quot;sizes&quot;:[]},&quot;image_width_mobile&quot;:{&quot;unit&quot;:&quot;px&quot;,&quot;size&quot;:&quot;&quot;,&quot;sizes&quot;:[]}}\" data-widget_type=\"uael-price-list.default\">\n\t\t\t\t<div class=\"elementor-widget-container\">\n\t\t\t\t\t\n<div class=\"uael-price-list uael-price-list-left uael-pl-price-position-right\">\n\n\t\t\t\t\t\t<div class=\"uael-price-list-item\">\n\n\t\t\t\n\t\t\t<div class=\"uael-price-list-text\">\n\t\t\t\t<div class=\"uael-price-list-header\">\n\t\t\t\t\t<a class=\"uael-price-list-title\" href=\"#\">\t\t\t\t\t<span>psychologische Beratung<\/span>\n\t\t\t\t\t<\/a>\t\t\t\t\t\t<span class=\"uael-price-list-separator\"><\/span>\n\t\t\t\t\t\n\t\t\t\t\t\t\t\t<span class=\"uael-price-wrapper uael-pl-price-inner\">\n\t\t\t\t<span class=\"uael-price-list-price\"><span style=\"white-space: normal;font-weight: normal\"><span style=\"font-size: 13pt;font-family: Arial, sans-serif;vertical-align: baseline;white-space: pre-wrap\">70 <\/span><\/span><span style=\"font-family: Arial, sans-serif;font-size: 17.333334px;font-weight: 400\">\u20ac<\/span><\/span>\n\t\t\t\t\t\t\t<\/span>\n\t\t\t\t\t\t\t<\/div>\n\n\t\t\t\t\n\t\t\t\t<p class=\"uael-price-list-description\">50 min<\/p>\n\n\t\t\t\t\n\t\t\t\t\t\t\t<span class=\"uael-price-wrapper uael-pl-price-outer\">\n\t\t\t\t<span class=\"uael-price-list-price  uael-price-list-price\"><span style=\"white-space: normal;font-weight: normal\"><span style=\"font-size: 13pt;font-family: Arial, sans-serif;vertical-align: baseline;white-space: pre-wrap\">70 <\/span><\/span><span style=\"font-family: Arial, sans-serif;font-size: 17.333334px;font-weight: 400\">\u20ac<\/span><\/span>\n\t\t\t\t\t\t\t<\/span>\n\t\t\t\t\t\t<\/div>\n\t\t<\/div>\n\t\t\t<\/div>\n\t\t\t\t<\/div>\n\t\t\t\t<\/div>\n\t\t\t\t<div class=\"elementor-element elementor-element-5e35f70 uael-price-list__link-complete-no uael-pricelist-stack-mobile uael-price-list-shape-custom elementor-widget elementor-widget-uael-price-list\" data-id=\"5e35f70\" data-element_type=\"widget\" data-settings=\"{&quot;pricelist_desc_margin&quot;:{&quot;unit&quot;:&quot;px&quot;,&quot;top&quot;:&quot;0&quot;,&quot;right&quot;:&quot;10&quot;,&quot;bottom&quot;:&quot;10&quot;,&quot;left&quot;:&quot;10&quot;,&quot;isLinked&quot;:false},&quot;row_gap&quot;:{&quot;unit&quot;:&quot;px&quot;,&quot;size&quot;:20,&quot;sizes&quot;:[]},&quot;row_gap_tablet&quot;:{&quot;unit&quot;:&quot;px&quot;,&quot;size&quot;:&quot;&quot;,&quot;sizes&quot;:[]},&quot;row_gap_mobile&quot;:{&quot;unit&quot;:&quot;px&quot;,&quot;size&quot;:&quot;&quot;,&quot;sizes&quot;:[]},&quot;pricelist_image_gap&quot;:{&quot;unit&quot;:&quot;px&quot;,&quot;size&quot;:0,&quot;sizes&quot;:[]},&quot;pricelist_image_gap_tablet&quot;:{&quot;unit&quot;:&quot;px&quot;,&quot;size&quot;:&quot;&quot;,&quot;sizes&quot;:[]},&quot;pricelist_image_gap_mobile&quot;:{&quot;unit&quot;:&quot;px&quot;,&quot;size&quot;:&quot;&quot;,&quot;sizes&quot;:[]},&quot;list_padding&quot;:{&quot;unit&quot;:&quot;px&quot;,&quot;top&quot;:&quot;&quot;,&quot;right&quot;:&quot;&quot;,&quot;bottom&quot;:&quot;&quot;,&quot;left&quot;:&quot;&quot;,&quot;isLinked&quot;:true},&quot;list_padding_tablet&quot;:{&quot;unit&quot;:&quot;px&quot;,&quot;top&quot;:&quot;&quot;,&quot;right&quot;:&quot;&quot;,&quot;bottom&quot;:&quot;&quot;,&quot;left&quot;:&quot;&quot;,&quot;isLinked&quot;:true},&quot;list_padding_mobile&quot;:{&quot;unit&quot;:&quot;px&quot;,&quot;top&quot;:&quot;&quot;,&quot;right&quot;:&quot;&quot;,&quot;bottom&quot;:&quot;&quot;,&quot;left&quot;:&quot;&quot;,&quot;isLinked&quot;:true},&quot;pricelist_title_margin&quot;:{&quot;unit&quot;:&quot;px&quot;,&quot;top&quot;:&quot;10&quot;,&quot;right&quot;:&quot;10&quot;,&quot;bottom&quot;:&quot;10&quot;,&quot;left&quot;:&quot;10&quot;,&quot;isLinked&quot;:true},&quot;pricelist_title_margin_tablet&quot;:{&quot;unit&quot;:&quot;px&quot;,&quot;top&quot;:&quot;&quot;,&quot;right&quot;:&quot;&quot;,&quot;bottom&quot;:&quot;&quot;,&quot;left&quot;:&quot;&quot;,&quot;isLinked&quot;:true},&quot;pricelist_title_margin_mobile&quot;:{&quot;unit&quot;:&quot;px&quot;,&quot;top&quot;:&quot;&quot;,&quot;right&quot;:&quot;&quot;,&quot;bottom&quot;:&quot;&quot;,&quot;left&quot;:&quot;&quot;,&quot;isLinked&quot;:true},&quot;pricelist_desc_margin_tablet&quot;:{&quot;unit&quot;:&quot;px&quot;,&quot;top&quot;:&quot;&quot;,&quot;right&quot;:&quot;&quot;,&quot;bottom&quot;:&quot;&quot;,&quot;left&quot;:&quot;&quot;,&quot;isLinked&quot;:true},&quot;pricelist_desc_margin_mobile&quot;:{&quot;unit&quot;:&quot;px&quot;,&quot;top&quot;:&quot;&quot;,&quot;right&quot;:&quot;&quot;,&quot;bottom&quot;:&quot;&quot;,&quot;left&quot;:&quot;&quot;,&quot;isLinked&quot;:true},&quot;pricelist_price_margin&quot;:{&quot;unit&quot;:&quot;px&quot;,&quot;top&quot;:&quot;10&quot;,&quot;right&quot;:&quot;10&quot;,&quot;bottom&quot;:&quot;10&quot;,&quot;left&quot;:&quot;10&quot;,&quot;isLinked&quot;:true},&quot;pricelist_price_margin_tablet&quot;:{&quot;unit&quot;:&quot;px&quot;,&quot;top&quot;:&quot;&quot;,&quot;right&quot;:&quot;&quot;,&quot;bottom&quot;:&quot;&quot;,&quot;left&quot;:&quot;&quot;,&quot;isLinked&quot;:true},&quot;pricelist_price_margin_mobile&quot;:{&quot;unit&quot;:&quot;px&quot;,&quot;top&quot;:&quot;&quot;,&quot;right&quot;:&quot;&quot;,&quot;bottom&quot;:&quot;&quot;,&quot;left&quot;:&quot;&quot;,&quot;isLinked&quot;:true},&quot;image_width&quot;:{&quot;unit&quot;:&quot;px&quot;,&quot;size&quot;:150,&quot;sizes&quot;:[]},&quot;image_width_tablet&quot;:{&quot;unit&quot;:&quot;px&quot;,&quot;size&quot;:&quot;&quot;,&quot;sizes&quot;:[]},&quot;image_width_mobile&quot;:{&quot;unit&quot;:&quot;px&quot;,&quot;size&quot;:&quot;&quot;,&quot;sizes&quot;:[]}}\" data-widget_type=\"uael-price-list.default\">\n\t\t\t\t<div class=\"elementor-widget-container\">\n\t\t\t\t\t\n<div class=\"uael-price-list uael-price-list-left uael-pl-price-position-right\">\n\n\t\t\t\t\t\t<div class=\"uael-price-list-item\">\n\n\t\t\t\n\t\t\t<div class=\"uael-price-list-text\">\n\t\t\t\t<div class=\"uael-price-list-header\">\n\t\t\t\t\t<a class=\"uael-price-list-title\" href=\"#\">\t\t\t\t\t<span>Unterst\u00fctzung in der Krise und pers\u00f6nliche Entwicklung<\/span>\n\t\t\t\t\t<\/a>\t\t\t\t\t\t<span class=\"uael-price-list-separator\"><\/span>\n\t\t\t\t\t\n\t\t\t\t\t\t\t\t<span class=\"uael-price-wrapper uael-pl-price-inner\">\n\t\t\t\t<span class=\"uael-price-list-price\"><span style=\"white-space: normal;font-weight: normal\"><span style=\"font-size: 13pt;font-family: Arial, sans-serif;vertical-align: baseline;white-space: pre-wrap\">70 <\/span><\/span><span style=\"font-family: Arial, sans-serif;font-size: 17.333334px;font-weight: 400\">\u20ac<\/span><\/span>\n\t\t\t\t\t\t\t<\/span>\n\t\t\t\t\t\t\t<\/div>\n\n\t\t\t\t\n\t\t\t\t<p class=\"uael-price-list-description\">50 min<\/p>\n\n\t\t\t\t\n\t\t\t\t\t\t\t<span class=\"uael-price-wrapper uael-pl-price-outer\">\n\t\t\t\t<span class=\"uael-price-list-price  uael-price-list-price\"><span style=\"white-space: normal;font-weight: normal\"><span style=\"font-size: 13pt;font-family: Arial, sans-serif;vertical-align: baseline;white-space: pre-wrap\">70 <\/span><\/span><span style=\"font-family: Arial, sans-serif;font-size: 17.333334px;font-weight: 400\">\u20ac<\/span><\/span>\n\t\t\t\t\t\t\t<\/span>\n\t\t\t\t\t\t<\/div>\n\t\t<\/div>\n\t\t\t<\/div>\n\t\t\t\t<\/div>\n\t\t\t\t<\/div>\n\t\t\t\t\t<\/div>\n\t\t<\/div>\n\t\t\t\t\t<\/div>\n\t\t<\/section>\n\t\t<div class=\"elementor-element elementor-element-7281800 e-flex e-con-boxed e-con e-parent\" data-id=\"7281800\" data-element_type=\"container\">\n\t\t\t\t\t<div class=\"e-con-inner\">\n\t\t\t\t<div class=\"elementor-element elementor-element-ffc0499 elementor-widget elementor-widget-heading\" data-id=\"ffc0499\" data-element_type=\"widget\" data-widget_type=\"heading.default\">\n\t\t\t\t\t<h2 class=\"elementor-heading-title elementor-size-default\">Zahlungs- und Stornierungsbedingungen<\/h2>\t\t\t\t<\/div>\n\t\t\t\t\t<\/div>\n\t\t\t\t<\/div>\n\t\t<div class=\"elementor-element elementor-element-1e9462c e-flex e-con-boxed e-con e-parent\" data-id=\"1e9462c\" data-element_type=\"container\">\n\t\t\t\t\t<div class=\"e-con-inner\">\n\t\t\t\t<div class=\"elementor-element elementor-element-fde4a12 elementor-widget elementor-widget-text-editor\" data-id=\"fde4a12\" data-element_type=\"widget\" data-widget_type=\"text-editor.default\">\n\t\t\t\t\t\t\t\t\t<ul><li style=\"list-style-type: none;\"><ul><li style=\"font-weight: 400;\" aria-level=\"1\"><span style=\"font-weight: 400;\">Einzelzahlung <\/span><b>indywidualna<\/b><span style=\"font-weight: 400;\"> \u2013 Ich arbeite nicht mit gesetzlichen Krankenkassen zusammen (z.\u202fB. AOK, TK, Barmer, DAK).<\/span><\/li><li style=\"font-weight: 400;\" aria-level=\"1\">Die Zahlung kann <strong data-start=\"413\" data-end=\"447\">bar <\/strong>oder<strong data-start=\"413\" data-end=\"447\">\u00a0mit Karte<\/strong><strong data-start=\"449\" data-end=\"480\">\u00a0am Tag des Termins erfolgen<\/strong>.<\/li><li style=\"font-weight: 400;\" aria-level=\"1\"><span style=\"font-weight: 400;\">Termin\u00e4nderungen oder Absagen m\u00fcssen mindestens <\/span><b>24 Stunden vor dem Termin erfolgen<\/b><span style=\"font-weight: 400;\">.<\/span><\/li><li style=\"font-weight: 400;\" aria-level=\"1\">Bei einer Absage <strong data-start=\"670\" data-end=\"713\">weniger als 24 Stunden vor dem Termin wird<\/strong> eine Geb\u00fchr in H\u00f6he von 50 % <strong data-start=\"748\" data-end=\"766\">des Sitzungspreises erhoben<\/strong>.<\/li><li style=\"font-weight: 400;\" aria-level=\"1\"><span style=\"font-weight: 400;\"><span id=\"docs-internal-guid-9befb0ad-7fff-e3f6-eea7-8d4803c3b4b6\" style=\"caret-color: #000000; color: #000000;\"><span style=\"font-size: 12pt; font-family: Arial, sans-serif; font-variant-ligatures: normal; font-variant-alternates: normal; font-variant-numeric: normal; font-variant-east-asian: normal; font-variant-position: normal; vertical-align: baseline; white-space: pre-wrap;\">Durch die Terminbuchung best\u00e4tigt der Klient, dass <\/span><span style=\"font-size: 12pt; font-family: Arial, sans-serif; font-weight: bold; font-variant-ligatures: normal; font-variant-alternates: normal; font-variant-numeric: normal; font-variant-east-asian: normal; font-variant-position: normal; vertical-align: baseline; white-space: pre-wrap;\">er die Gesch\u00e4ftsbedingungen gelesen hat und ihnen zustimmt<\/span><span style=\"font-size: 12pt; font-family: Arial, sans-serif; font-variant-ligatures: normal; font-variant-alternates: normal; font-variant-numeric: normal; font-variant-east-asian: normal; font-variant-position: normal; vertical-align: baseline; white-space: pre-wrap;\">.<\/span><\/span><br \/><\/span><\/li><\/ul><\/li><\/ul>\t\t\t\t\t\t\t\t<\/div>\n\t\t\t\t\t<\/div>\n\t\t\t\t<\/div>\n\t\t\t\t<\/div>","protected":false},"excerpt":{"rendered":"<p>Cennik Konsultacja psychologiczna 70 \u20ac 50 min 70 \u20ac Wsparcie w kryzysie\/ rozw\u00f3j osobisty 70 \u20ac 50 min 70 \u20ac Warunki p\u0142atno\u015bci i odwo\u0142ania P\u0142atno\u015b\u0107 indywidualna \u2013 nie wsp\u00f3\u0142pracuj\u0119 z publicznymi ubezpieczeniami zdrowotnymi (np. AOK, TK, Barmer, DAK). P\u0142atno\u015b\u0107 odbywa si\u0119 got\u00f3wk\u0105 lub\u00a0kart\u0105\u00a0w dniu spotkania. Zmiana lub odwo\u0142anie terminu co najmniej 24h przed spotkaniem. W [&hellip;]<\/p>","protected":false},"author":1,"featured_media":0,"parent":0,"menu_order":0,"comment_status":"closed","ping_status":"closed","template":"","meta":{"site-sidebar-layout":"no-sidebar","site-content-layout":"page-builder","ast-site-content-layout":"default","site-content-style":"default","site-sidebar-style":"default","ast-global-header-display":"","ast-banner-title-visibility":"","ast-main-header-display":"","ast-hfb-above-header-display":"","ast-hfb-below-header-display":"","ast-hfb-mobile-header-display":"","site-post-title":"disabled","ast-breadcrumbs-content":"disabled","ast-featured-img":"disabled","footer-sml-layout":"","theme-transparent-header-meta":"enabled","adv-header-id-meta":"","stick-header-meta":"","header-above-stick-meta":"","header-main-stick-meta":"","header-below-stick-meta":"","astra-migrate-meta-layouts":"default","ast-page-background-enabled":"default","ast-page-background-meta":{"desktop":{"background-color":"","background-image":"","background-repeat":"repeat","background-position":"center center","background-size":"auto","background-attachment":"scroll","background-type":"","background-media":"","overlay-type":"","overlay-color":"","overlay-opacity":"","overlay-gradient":""},"tablet":{"background-color":"","background-image":"","background-repeat":"repeat","background-position":"center center","background-size":"auto","background-attachment":"scroll","background-type":"","background-media":"","overlay-type":"","overlay-color":"","overlay-opacity":"","overlay-gradient":""},"mobile":{"background-color":"","background-image":"","background-repeat":"repeat","background-position":"center center","background-size":"auto","background-attachment":"scroll","background-type":"","background-media":"","overlay-type":"","overlay-color":"","overlay-opacity":"","overlay-gradient":""}},"ast-content-background-meta":{"desktop":{"background-color":"var(--ast-global-color-5)","background-image":"","background-repeat":"repeat","background-position":"center center","background-size":"auto","background-attachment":"scroll","background-type":"","background-media":"","overlay-type":"","overlay-color":"","overlay-opacity":"","overlay-gradient":""},"tablet":{"background-color":"var(--ast-global-color-5)","background-image":"","background-repeat":"repeat","background-position":"center center","background-size":"auto","background-attachment":"scroll","background-type":"","background-media":"","overlay-type":"","overlay-color":"","overlay-opacity":"","overlay-gradient":""},"mobile":{"background-color":"var(--ast-global-color-5)","background-image":"","background-repeat":"repeat","background-position":"center center","background-size":"auto","background-attachment":"scroll","background-type":"","background-media":"","overlay-type":"","overlay-color":"","overlay-opacity":"","overlay-gradient":""}},"footnotes":""},"class_list":["post-32","page","type-page","status-publish","hentry"],"_links":{"self":[{"href":"https:\/\/psycholog-paturalski.com\/de\/wp-json\/wp\/v2\/pages\/32","targetHints":{"allow":["GET"]}}],"collection":[{"href":"https:\/\/psycholog-paturalski.com\/de\/wp-json\/wp\/v2\/pages"}],"about":[{"href":"https:\/\/psycholog-paturalski.com\/de\/wp-json\/wp\/v2\/types\/page"}],"author":[{"embeddable":true,"href":"https:\/\/psycholog-paturalski.com\/de\/wp-json\/wp\/v2\/users\/1"}],"replies":[{"embeddable":true,"href":"https:\/\/psycholog-paturalski.com\/de\/wp-json\/wp\/v2\/comments?post=32"}],"version-history":[{"count":19,"href":"https:\/\/psycholog-paturalski.com\/de\/wp-json\/wp\/v2\/pages\/32\/revisions"}],"predecessor-version":[{"id":266,"href":"https:\/\/psycholog-paturalski.com\/de\/wp-json\/wp\/v2\/pages\/32\/revisions\/266"}],"wp:attachment":[{"href":"https:\/\/psycholog-paturalski.com\/de\/wp-json\/wp\/v2\/media?parent=32"}],"curies":[{"name":"wp","href":"https:\/\/api.w.org\/{rel}","templated":true}]}}