{"id":165,"date":"2025-10-07T09:02:22","date_gmt":"2025-10-07T09:02:22","guid":{"rendered":"https:\/\/psycholog-paturalski.com\/?page_id=165"},"modified":"2026-03-25T15:23:45","modified_gmt":"2026-03-25T15:23:45","slug":"regulamin","status":"publish","type":"page","link":"https:\/\/psycholog-paturalski.com\/en\/regulamin\/","title":{"rendered":"Terms"},"content":{"rendered":"<div data-elementor-type=\"wp-page\" data-elementor-id=\"165\" class=\"elementor elementor-165\">\n\t\t\t\t\t\t<section class=\"elementor-section elementor-top-section elementor-element elementor-element-4aaf2196 elementor-section-content-middle elementor-section-boxed elementor-section-height-default elementor-section-height-default\" data-id=\"4aaf2196\" data-element_type=\"section\" data-settings=\"{&quot;background_background&quot;:&quot;classic&quot;}\">\n\t\t\t\t\t\t\t<div class=\"elementor-background-overlay\"><\/div>\n\t\t\t\t\t\t\t<div class=\"elementor-container elementor-column-gap-default\">\n\t\t\t\t\t<div class=\"elementor-column elementor-col-100 elementor-top-column elementor-element elementor-element-6a8b8ff\" data-id=\"6a8b8ff\" data-element_type=\"column\">\n\t\t\t<div class=\"elementor-widget-wrap elementor-element-populated\">\n\t\t\t\t\t\t<div class=\"elementor-element elementor-element-7b3b98df elementor-widget elementor-widget-heading\" data-id=\"7b3b98df\" data-element_type=\"widget\" data-widget_type=\"heading.default\">\n\t\t\t\t\t<h1 class=\"elementor-heading-title elementor-size-default\">Terms<\/h1>\t\t\t\t<\/div>\n\t\t\t\t\t<\/div>\n\t\t<\/div>\n\t\t\t\t\t<\/div>\n\t\t<\/section>\n\t\t<div class=\"elementor-element elementor-element-1e9462c e-flex e-con-boxed e-con e-parent\" data-id=\"1e9462c\" data-element_type=\"container\">\n\t\t\t\t\t<div class=\"e-con-inner\">\n\t\t\t\t<div class=\"elementor-element elementor-element-fde4a12 elementor-widget elementor-widget-text-editor\" data-id=\"fde4a12\" data-element_type=\"widget\" data-widget_type=\"text-editor.default\">\n\t\t\t\t\t\t\t\t\t<h3><b>Terms and Conditions of Psychological Services<\/b><\/h3><h4><b>I. General Provisions<\/b><\/h4><ol><li style=\"font-weight: 400;\" aria-level=\"1\"><span style=\"font-weight: 400;\">This regulation serves as a model agreement between the Service Provider and the Client, unless the parties agree in writing to modify certain provisions.<\/span><\/li><li style=\"font-weight: 400;\" aria-level=\"1\"><span style=\"font-weight: 400;\">Any statements submitted by the parties should be in a form that ensures they can be properly reviewed (e.g., email, online messenger), unless the parties decide otherwise.<\/span><\/li><li style=\"font-weight: 400;\" aria-level=\"1\"><span style=\"font-weight: 400;\">Only individuals with full legal capacity are eligible to use the psychological services.<\/span><\/li><\/ol><h6><b style=\"font-size: 1.7em; font-style: inherit;\">II. Definitions\u00a0<\/b><\/h6><p><span style=\"font-weight: 400;\">Where the regulations refer to<\/span><span style=\"font-weight: 400;\">:<\/span><\/p><ol><li style=\"font-weight: 400;\" aria-level=\"2\"><span style=\"font-weight: 400;\">Email address \u2013 the electronic mail address given by the Client in the registration form for communication between the Client and the Service Provider.<\/span><\/li><li style=\"font-weight: 400;\" aria-level=\"2\"><span style=\"font-weight: 400;\">Form \u2013 means the registration form required for the Client to access the services and psychological support safely and correctly.<\/span><\/li><li style=\"font-weight: 400;\" aria-level=\"2\"><span style=\"font-weight: 400;\">Client \u2013 refers to any individual, legal entity, or organizational unit recognized by law as having legal capacity, who uses the services offered by the Service Provider.<\/span><\/li><li style=\"font-weight: 400;\" aria-level=\"2\"><span style=\"font-weight: 400;\">Psychological Contract \u2013 means an agreement for the provision of psychological services concluded between the Client and the Service Provider.<\/span><\/li><li style=\"font-weight: 400;\" aria-level=\"2\"><span style=\"font-weight: 400;\">Psychologist \u2013 refers to an individual qualified to practice the profession of psychologist, holding a master\u2019s degree in psychology.<\/span><\/li><li style=\"font-weight: 400;\" aria-level=\"2\"><span style=\"font-weight: 400;\">Regulations \u2013 refers to the Regulations for the Provision of Psychological Services as of October 3, 2025.<\/span><\/li><li style=\"font-weight: 400;\" aria-level=\"2\"><span style=\"font-weight: 400;\">Service \u2013 refers to the website https:\/\/psycholog-paturalski.com.<\/span><\/li><li style=\"font-weight: 400;\" aria-level=\"2\"><span style=\"font-weight: 400;\">Service \u2013 refers to any services provided by the Service Provider within the Website, which do not constitute a Psychological Service.<\/span><\/li><li style=\"font-weight: 400;\" aria-level=\"2\"><span style=\"font-weight: 400;\">Psychological Service \u2013 refers to psychological services provided by the Service Provider within the Website, subject to the principles of the Polish Code of Professional Ethics for Psychologists.<\/span><\/li><li style=\"font-weight: 400;\" aria-level=\"2\"><span style=\"font-weight: 400;\">Service Provider \u2013 refers to the entity providing the Services and Psychological Services in accordance with the applicable Polish and German law.<\/span><\/li><\/ol><h4><b>III. Services<\/b><\/h4><ol><li style=\"font-weight: 400;\" aria-level=\"1\"><span style=\"font-weight: 400;\">The Services provided by the Service Provider are subject to a fee.<\/span><\/li><li style=\"font-weight: 400;\" aria-level=\"1\"><span style=\"font-weight: 400;\">The Client may access the Psychological Services and other Services upon payment of the applicable fee in accordance with the Price List.<\/span><\/li><li style=\"font-weight: 400;\" aria-level=\"1\"><span style=\"font-weight: 400;\">Detailed information about the Services is available on the Website <\/span><a href=\"https:\/\/psycholog-paturalski.com\/en\/\"><span style=\"font-weight: 400;\">www.psycholog-paturalski.com<\/span><\/a><span style=\"font-weight: 400;\">.\u00a0<\/span><\/li><li style=\"font-weight: 400;\" aria-level=\"1\"><span style=\"font-weight: 400;\">Psychological Services are always provided by a qualified Psychologist.<\/span><\/li><\/ol><h4><b>IV. Form of Provision of Psychological Services<\/b><\/h4><ol><li style=\"font-weight: 400;\" aria-level=\"1\"><span style=\"font-weight: 400;\">Psychological Services are provided in the form of an in-person session at the Psychologist\u2019s office at the following address: Bahnhofstra\u00dfe 7, 48455 Bad Bentheim.<\/span><\/li><\/ol><h4><b>V. Conclusion of the Psychological Contract<\/b><\/h4><ol><li style=\"font-weight: 400;\" aria-level=\"1\"><span style=\"font-weight: 400;\">The client contacts the Service Provider by phone (including via WhatsApp or Messenger) or by email.<\/span><\/li><li style=\"font-weight: 400;\" aria-level=\"1\"><span style=\"font-weight: 400;\">The psychological contract is concluded when the client selects an appointment and submits the completed form<\/span><\/li><li style=\"font-weight: 400;\" aria-level=\"1\"><span style=\"font-weight: 400;\">The conclusion of the Psychological Contract signifies the Client\u2019s consent to the provision of Services.<\/span><\/li><li style=\"font-weight: 400;\" aria-level=\"1\"><span style=\"font-weight: 400;\">The session typically lasts 50 minutes.<\/span><\/li><li style=\"font-weight: 400;\" aria-level=\"1\"><span style=\"font-weight: 400;\">The Client is obliged to attend punctually; any delay will shorten the duration of the session.<\/span><\/li><li style=\"font-weight: 400;\" aria-level=\"1\"><span style=\"font-weight: 400;\">The Psychologist waits for the Client for 15 minutes; in case of absence, the session may be terminated.<\/span><\/li><\/ol><h4><b>VI. Attendance Certificate<\/b><\/h4><ol><li style=\"font-weight: 400;\" aria-level=\"1\"><span style=\"font-weight: 400;\">Attendance Certificates are issued at the Client\u2019s request in accordance with the actual facts.<\/span><\/li><li style=\"font-weight: 400;\" aria-level=\"1\"><span style=\"font-weight: 400;\">The Client may choose the language in which the Attendance Certificate is issued: Polish, German, or English.<\/span><\/li><\/ol><h4><b>VII. Fees<\/b><\/h4><ol><li style=\"font-weight: 400;\" aria-level=\"1\"><span style=\"font-weight: 400;\">Payment is accepted in cash or by card.<\/span><\/li><li style=\"font-weight: 400;\" aria-level=\"1\"><span style=\"font-weight: 400;\">The fee must be paid no later than on the day of the session.<\/span><\/li><li style=\"font-weight: 400;\" aria-level=\"1\">In the event of non-payment, a payment reminder (Mahnung) shall be issued in accordance with the provisions of Section 286 of the German Civil Code (BGB).<\/li><li aria-level=\"1\">The Service Provider reserves the right to refuse to schedule further appointments until all outstanding payments have been settled.<\/li><li style=\"font-weight: 400;\" aria-level=\"1\"><span style=\"font-weight: 400;\">The Service Provider reserves the right to refuse to schedule further appointments until all outstanding payments have been settled.<\/span><\/li><\/ol><h4><b>VIII. Rights and Obligations of the Parties<\/b><\/h4><p><span style=\"font-weight: 400;\">Service Provider:<\/span><\/p><ul><li style=\"font-weight: 400;\" aria-level=\"1\"><span style=\"font-weight: 400;\">Provides services in accordance with the Psychological Contract and the Terms and Conditions.<\/span><\/li><li style=\"font-weight: 400;\" aria-level=\"1\"><span style=\"font-weight: 400;\">Maintains the confidentiality of information concerning the Client.<\/span><\/li><li style=\"font-weight: 400;\" aria-level=\"1\"><span style=\"font-weight: 400;\">May withdraw from the Psychological Contract or cease the provision of Services in the event of improper conduct by the Client.<\/span><\/li><\/ul><p><span style=\"font-weight: 400;\">Client:<\/span><\/p><ul><li style=\"font-weight: 400;\" aria-level=\"1\"><span style=\"font-weight: 400;\">Has the right to access Services in accordance with the Psychological Contract.<\/span><\/li><li style=\"font-weight: 400;\" aria-level=\"1\"><span style=\"font-weight: 400;\">May withdraw from the Psychological Contract and reschedule appointments (at least 24 hours before the session).<\/span><\/li><li style=\"font-weight: 400;\" aria-level=\"1\">In the event of cancellation less than 24 hours before the session, a fee of 50% of the session price shall be charged.<\/li><\/ul><h4><b>IX. Withdrawal from the Contract<\/b><\/h4><ol><li style=\"font-weight: 400;\" aria-level=\"1\"><span style=\"font-weight: 400;\">Either party may withdraw from the Contract by submitting a statement in a manner that allows the other party to review it at least 24 hours before the session.<\/span><\/li><li style=\"font-weight: 400;\" aria-level=\"1\"><span style=\"font-weight: 400;\">The statement may be submitted in writing or by email to the following address: <\/span><a href=\"mailto:martapaturalski@gmail.com\"><span style=\"font-weight: 400;\">martapaturalski@gmail.com<\/span><\/a><span style=\"font-weight: 400;\"> .<\/span><\/li><\/ol><h4><b>X. Final Provisions<\/b><\/h4><ol><li style=\"font-weight: 400;\" aria-level=\"1\"><span style=\"font-weight: 400;\">The Terms and Conditions are effective from the date of publication on the Website and constitute an integral part of the Psychological Contract.<\/span><\/li><\/ol>\t\t\t\t\t\t\t\t<\/div>\n\t\t\t\t\t<\/div>\n\t\t\t\t<\/div>\n\t\t\t\t<\/div>","protected":false},"excerpt":{"rendered":"<p>Regulamin Regulamin \u015bwiadczenia us\u0142ug psychologicznych I. Postanowienia og\u00f3lne Niniejszy regulamin stanowi wzorzec umowy zawieranej mi\u0119dzy Us\u0142ugodawc\u0105 a Klientem, chyba \u017ce strony sporz\u0105dz\u0105 indywidualn\u0105 umow\u0119 na pi\u015bmie, w kt\u00f3rej zmieni\u0105 okre\u015blone postanowienia. Wszelkie o\u015bwiadczenia sk\u0142adane przez strony wymagaj\u0105 formy umo\u017cliwiaj\u0105cej skuteczne zapoznanie si\u0119 z ich tre\u015bci\u0105 (np. e-mail, komunikator internetowy), chyba \u017ce strony postanowi\u0105 inaczej. Z [&hellip;]<\/p>","protected":false},"author":1,"featured_media":0,"parent":0,"menu_order":0,"comment_status":"closed","ping_status":"closed","template":"","meta":{"site-sidebar-layout":"no-sidebar","site-content-layout":"page-builder","ast-site-content-layout":"default","site-content-style":"default","site-sidebar-style":"default","ast-global-header-display":"","ast-banner-title-visibility":"","ast-main-header-display":"","ast-hfb-above-header-display":"","ast-hfb-below-header-display":"","ast-hfb-mobile-header-display":"","site-post-title":"disabled","ast-breadcrumbs-content":"disabled","ast-featured-img":"disabled","footer-sml-layout":"","theme-transparent-header-meta":"enabled","adv-header-id-meta":"","stick-header-meta":"","header-above-stick-meta":"","header-main-stick-meta":"","header-below-stick-meta":"","astra-migrate-meta-layouts":"default","ast-page-background-enabled":"default","ast-page-background-meta":{"desktop":{"background-color":"","background-image":"","background-repeat":"repeat","background-position":"center center","background-size":"auto","background-attachment":"scroll","background-type":"","background-media":"","overlay-type":"","overlay-color":"","overlay-opacity":"","overlay-gradient":""},"tablet":{"background-color":"","background-image":"","background-repeat":"repeat","background-position":"center center","background-size":"auto","background-attachment":"scroll","background-type":"","background-media":"","overlay-type":"","overlay-color":"","overlay-opacity":"","overlay-gradient":""},"mobile":{"background-color":"","background-image":"","background-repeat":"repeat","background-position":"center center","background-size":"auto","background-attachment":"scroll","background-type":"","background-media":"","overlay-type":"","overlay-color":"","overlay-opacity":"","overlay-gradient":""}},"ast-content-background-meta":{"desktop":{"background-color":"var(--ast-global-color-5)","background-image":"","background-repeat":"repeat","background-position":"center center","background-size":"auto","background-attachment":"scroll","background-type":"","background-media":"","overlay-type":"","overlay-color":"","overlay-opacity":"","overlay-gradient":""},"tablet":{"background-color":"var(--ast-global-color-5)","background-image":"","background-repeat":"repeat","background-position":"center center","background-size":"auto","background-attachment":"scroll","background-type":"","background-media":"","overlay-type":"","overlay-color":"","overlay-opacity":"","overlay-gradient":""},"mobile":{"background-color":"var(--ast-global-color-5)","background-image":"","background-repeat":"repeat","background-position":"center center","background-size":"auto","background-attachment":"scroll","background-type":"","background-media":"","overlay-type":"","overlay-color":"","overlay-opacity":"","overlay-gradient":""}},"footnotes":""},"class_list":["post-165","page","type-page","status-publish","hentry"],"_links":{"self":[{"href":"https:\/\/psycholog-paturalski.com\/en\/wp-json\/wp\/v2\/pages\/165","targetHints":{"allow":["GET"]}}],"collection":[{"href":"https:\/\/psycholog-paturalski.com\/en\/wp-json\/wp\/v2\/pages"}],"about":[{"href":"https:\/\/psycholog-paturalski.com\/en\/wp-json\/wp\/v2\/types\/page"}],"author":[{"embeddable":true,"href":"https:\/\/psycholog-paturalski.com\/en\/wp-json\/wp\/v2\/users\/1"}],"replies":[{"embeddable":true,"href":"https:\/\/psycholog-paturalski.com\/en\/wp-json\/wp\/v2\/comments?post=165"}],"version-history":[{"count":16,"href":"https:\/\/psycholog-paturalski.com\/en\/wp-json\/wp\/v2\/pages\/165\/revisions"}],"predecessor-version":[{"id":270,"href":"https:\/\/psycholog-paturalski.com\/en\/wp-json\/wp\/v2\/pages\/165\/revisions\/270"}],"wp:attachment":[{"href":"https:\/\/psycholog-paturalski.com\/en\/wp-json\/wp\/v2\/media?parent=165"}],"curies":[{"name":"wp","href":"https:\/\/api.w.org\/{rel}","templated":true}]}}