{"id":19,"date":"2025-10-02T07:01:21","date_gmt":"2025-10-02T07:01:21","guid":{"rendered":"https:\/\/psycholog-paturalski.com\/o-mnie\/"},"modified":"2025-10-07T11:26:15","modified_gmt":"2025-10-07T11:26:15","slug":"o-mnie","status":"publish","type":"page","link":"https:\/\/psycholog-paturalski.com\/en\/o-mnie\/","title":{"rendered":"About me"},"content":{"rendered":"<div data-elementor-type=\"wp-page\" data-elementor-id=\"19\" class=\"elementor elementor-19\">\n\t\t\t\t\t\t<section class=\"elementor-section elementor-top-section elementor-element elementor-element-4e2dece4 elementor-section-content-middle elementor-section-boxed elementor-section-height-default elementor-section-height-default\" data-id=\"4e2dece4\" data-element_type=\"section\" data-settings=\"{&quot;background_background&quot;:&quot;classic&quot;}\">\n\t\t\t\t\t\t\t<div class=\"elementor-background-overlay\"><\/div>\n\t\t\t\t\t\t\t<div class=\"elementor-container elementor-column-gap-default\">\n\t\t\t\t\t<div class=\"elementor-column elementor-col-100 elementor-top-column elementor-element elementor-element-1df022de\" data-id=\"1df022de\" data-element_type=\"column\">\n\t\t\t<div class=\"elementor-widget-wrap elementor-element-populated\">\n\t\t\t\t\t\t<div class=\"elementor-element elementor-element-5af76b5b elementor-widget elementor-widget-heading\" data-id=\"5af76b5b\" data-element_type=\"widget\" data-widget_type=\"heading.default\">\n\t\t\t\t\t<h1 class=\"elementor-heading-title elementor-size-default\">About me<\/h1>\t\t\t\t<\/div>\n\t\t\t\t\t<\/div>\n\t\t<\/div>\n\t\t\t\t\t<\/div>\n\t\t<\/section>\n\t\t<div class=\"elementor-element elementor-element-5613155 e-grid e-con-boxed e-con e-parent\" data-id=\"5613155\" data-element_type=\"container\">\n\t\t\t\t\t<div class=\"e-con-inner\">\n\t\t\t\t<div class=\"elementor-element elementor-element-ca8d1a3 elementor-widget elementor-widget-text-editor\" data-id=\"ca8d1a3\" data-element_type=\"widget\" data-widget_type=\"text-editor.default\">\n\t\t\t\t\t\t\t\t\t<p><strong>Let\u2019s get to know each other.<\/strong><\/p><p><em>My name is Marta Paturalski.<\/em><\/p><p><span style=\"font-weight: 400;\">I hold a Master\u2019s degree in Psychology with a specialization in Psychotherapy from the School of Management in Warsaw, and a Master\u2019s degree in Management \u2013 Business Law from the Helena Chodkowska University of Technology and Economics in Warsaw.\nI am also a graduate of Cardinal Stefan Wyszy\u0144ski University in Warsaw, where I studied International Relations.\nAdditionally, I completed postgraduate studies in Psychotraumatology at the University of Business and Applied Sciences \u201cVarsovia\u201d in Warsaw.<\/span><\/p><p><span style=\"font-weight: 400;\">I gained my psychological experience at the Widz\u0105cych Wi\u0119cej Association as well as in the following private practices: Przysta\u0144 Psychologiczna and Semko Lipiec Psychological Practice.<\/span><\/p><p><span style=\"font-weight: 400;\">I currently run a private practice in Bad Bentheim, offering psychological support to adults.<\/span><\/p><p><span style=\"font-weight: 400;\">I am particularly passionate about the philosophy of SFBT (Solution-Focused Brief Therapy), which guides my work with clients.<\/span><\/p>\t\t\t\t\t\t\t\t<\/div>\n\t\t\t\t<div class=\"elementor-element elementor-element-c7e1667 elementor-widget elementor-widget-image\" data-id=\"c7e1667\" data-element_type=\"widget\" data-widget_type=\"image.default\">\n\t\t\t\t\t\t\t\t\t\t\t\t\t\t\t<img fetchpriority=\"high\" decoding=\"async\" width=\"819\" height=\"1024\" src=\"https:\/\/psycholog-paturalski.com\/wp-content\/uploads\/2025\/10\/IMG_9662-819x1024.jpg\" class=\"attachment-large size-large wp-image-106\" alt=\"\" srcset=\"https:\/\/psycholog-paturalski.com\/wp-content\/uploads\/2025\/10\/IMG_9662-819x1024.jpg 819w, https:\/\/psycholog-paturalski.com\/wp-content\/uploads\/2025\/10\/IMG_9662-240x300.jpg 240w, https:\/\/psycholog-paturalski.com\/wp-content\/uploads\/2025\/10\/IMG_9662-768x960.jpg 768w, https:\/\/psycholog-paturalski.com\/wp-content\/uploads\/2025\/10\/IMG_9662-1229x1536.jpg 1229w, https:\/\/psycholog-paturalski.com\/wp-content\/uploads\/2025\/10\/IMG_9662.jpg 1638w\" sizes=\"(max-width: 819px) 100vw, 819px\" \/>\t\t\t\t\t\t\t\t\t\t\t\t\t\t\t<\/div>\n\t\t\t\t\t<\/div>\n\t\t\t\t<\/div>\n\t\t<div class=\"elementor-element elementor-element-f8372d8 e-flex e-con-boxed e-con e-parent\" data-id=\"f8372d8\" data-element_type=\"container\">\n\t\t\t\t\t<div class=\"e-con-inner\">\n\t\t\t\t<div class=\"elementor-element elementor-element-cd335ab elementor-widget elementor-widget-text-editor\" data-id=\"cd335ab\" data-element_type=\"widget\" data-widget_type=\"text-editor.default\">\n\t\t\t\t\t\t\t\t\t<p><span style=\"font-weight: 400;\">During our sessions, we focus primarily on the present and the future. The past is only explored when it is useful to examine moments when the problem did not occur or to identify coping strategies that have worked before. Together, we build a picture of the preferred future and search for effective solutions.<\/span><\/p>\n<p><span style=\"font-weight: 400;\">I have completed Level I training in the Solution-Focused Brief Therapy (SFBT) approach at the Center for SFBT in Warsaw and am currently advancing to Level II.<\/span><\/p>\n<p><span style=\"font-weight: 400;\">I am a member of the Polish Association of Solution-Focused Therapy Practitioners (PSTTSR).&nbsp;<\/span><span style=\"font-weight: 400;\">Pracuj\u0119 zgodnie z wymogami stawianymi przez Polskie Towarzystwo Psychologiczne i Kodeks Etyczny PSTTSR, a swoj\u0105 prac\u0119 poddaj\u0119 superwizji.<\/span><\/p>\n<p><span style=\"font-weight: 400;\">I regularly enhance my professional knowledge by attending various trainings, workshops, and courses.<\/span><span style=\"font-weight: 400;\"><br><\/span> <span style=\"font-weight: 400;\"><br><\/span><span style=\"font-weight: 400;\">Privately, I am a wife and mother to a two-year-old.<\/span><\/p>\t\t\t\t\t\t\t\t<\/div>\n\t\t\t\t\t<\/div>\n\t\t\t\t<\/div>\n\t\t\t\t<\/div>","protected":false},"excerpt":{"rendered":"<p>O mnie Poznajmy si\u0119 bli\u017cej. Nazywam si\u0119 Marta Paturalski. Z wykszta\u0142cenia jestem magistrem psychologii o specjalno\u015bci psychoterapia, kt\u00f3r\u0105 uko\u0144czy\u0142am w Szkole G\u0142\u00f3wnej Mened\u017cerskiej w Warszawie oraz magistrem zarz\u0105dzania &#8211; prawo w biznesie na Uczelni Techniczno-Handlowej im. Heleny Chodkowskiej w Warszawie. Jestem r\u00f3wnie\u017c absolwentk\u0105 Uniwersytetu Kardyna\u0142a Stefana Wyszy\u0144skiego w Warszawie (stosunki mi\u0119dzynarodowe). Uko\u0144czy\u0142am studia podyplomowe z [&hellip;]<\/p>","protected":false},"author":1,"featured_media":0,"parent":0,"menu_order":0,"comment_status":"closed","ping_status":"closed","template":"","meta":{"site-sidebar-layout":"no-sidebar","site-content-layout":"page-builder","ast-site-content-layout":"default","site-content-style":"default","site-sidebar-style":"default","ast-global-header-display":"","ast-banner-title-visibility":"","ast-main-header-display":"","ast-hfb-above-header-display":"","ast-hfb-below-header-display":"","ast-hfb-mobile-header-display":"","site-post-title":"disabled","ast-breadcrumbs-content":"","ast-featured-img":"disabled","footer-sml-layout":"","theme-transparent-header-meta":"enabled","adv-header-id-meta":"","stick-header-meta":"","header-above-stick-meta":"","header-main-stick-meta":"","header-below-stick-meta":"","astra-migrate-meta-layouts":"default","ast-page-background-enabled":"default","ast-page-background-meta":{"desktop":{"background-color":"","background-image":"","background-repeat":"repeat","background-position":"center center","background-size":"auto","background-attachment":"scroll","background-type":"","background-media":"","overlay-type":"","overlay-color":"","overlay-opacity":"","overlay-gradient":""},"tablet":{"background-color":"","background-image":"","background-repeat":"repeat","background-position":"center center","background-size":"auto","background-attachment":"scroll","background-type":"","background-media":"","overlay-type":"","overlay-color":"","overlay-opacity":"","overlay-gradient":""},"mobile":{"background-color":"","background-image":"","background-repeat":"repeat","background-position":"center center","background-size":"auto","background-attachment":"scroll","background-type":"","background-media":"","overlay-type":"","overlay-color":"","overlay-opacity":"","overlay-gradient":""}},"ast-content-background-meta":{"desktop":{"background-color":"var(--ast-global-color-5)","background-image":"","background-repeat":"repeat","background-position":"center center","background-size":"auto","background-attachment":"scroll","background-type":"","background-media":"","overlay-type":"","overlay-color":"","overlay-opacity":"","overlay-gradient":""},"tablet":{"background-color":"var(--ast-global-color-5)","background-image":"","background-repeat":"repeat","background-position":"center center","background-size":"auto","background-attachment":"scroll","background-type":"","background-media":"","overlay-type":"","overlay-color":"","overlay-opacity":"","overlay-gradient":""},"mobile":{"background-color":"var(--ast-global-color-5)","background-image":"","background-repeat":"repeat","background-position":"center center","background-size":"auto","background-attachment":"scroll","background-type":"","background-media":"","overlay-type":"","overlay-color":"","overlay-opacity":"","overlay-gradient":""}},"footnotes":""},"class_list":["post-19","page","type-page","status-publish","hentry"],"_links":{"self":[{"href":"https:\/\/psycholog-paturalski.com\/en\/wp-json\/wp\/v2\/pages\/19","targetHints":{"allow":["GET"]}}],"collection":[{"href":"https:\/\/psycholog-paturalski.com\/en\/wp-json\/wp\/v2\/pages"}],"about":[{"href":"https:\/\/psycholog-paturalski.com\/en\/wp-json\/wp\/v2\/types\/page"}],"author":[{"embeddable":true,"href":"https:\/\/psycholog-paturalski.com\/en\/wp-json\/wp\/v2\/users\/1"}],"replies":[{"embeddable":true,"href":"https:\/\/psycholog-paturalski.com\/en\/wp-json\/wp\/v2\/comments?post=19"}],"version-history":[{"count":20,"href":"https:\/\/psycholog-paturalski.com\/en\/wp-json\/wp\/v2\/pages\/19\/revisions"}],"predecessor-version":[{"id":192,"href":"https:\/\/psycholog-paturalski.com\/en\/wp-json\/wp\/v2\/pages\/19\/revisions\/192"}],"wp:attachment":[{"href":"https:\/\/psycholog-paturalski.com\/en\/wp-json\/wp\/v2\/media?parent=19"}],"curies":[{"name":"wp","href":"https:\/\/api.w.org\/{rel}","templated":true}]}}