{"id":201,"date":"2025-10-07T12:15:44","date_gmt":"2025-10-07T12:15:44","guid":{"rendered":"https:\/\/psycholog-paturalski.com\/?page_id=201"},"modified":"2025-10-07T13:06:21","modified_gmt":"2025-10-07T13:06:21","slug":"nota-prawna","status":"publish","type":"page","link":"https:\/\/psycholog-paturalski.com\/en\/nota-prawna\/","title":{"rendered":"Legal Notice"},"content":{"rendered":"<div data-elementor-type=\"wp-page\" data-elementor-id=\"201\" class=\"elementor elementor-201\">\n\t\t\t\t\t\t<section class=\"elementor-section elementor-top-section elementor-element elementor-element-4aaf2196 elementor-section-content-middle elementor-section-boxed elementor-section-height-default elementor-section-height-default\" data-id=\"4aaf2196\" data-element_type=\"section\" data-settings=\"{&quot;background_background&quot;:&quot;classic&quot;}\">\n\t\t\t\t\t\t\t<div class=\"elementor-background-overlay\"><\/div>\n\t\t\t\t\t\t\t<div class=\"elementor-container elementor-column-gap-default\">\n\t\t\t\t\t<div class=\"elementor-column elementor-col-100 elementor-top-column elementor-element elementor-element-6a8b8ff\" data-id=\"6a8b8ff\" data-element_type=\"column\">\n\t\t\t<div class=\"elementor-widget-wrap elementor-element-populated\">\n\t\t\t\t\t\t<div class=\"elementor-element elementor-element-7b3b98df elementor-widget elementor-widget-heading\" data-id=\"7b3b98df\" data-element_type=\"widget\" data-widget_type=\"heading.default\">\n\t\t\t\t\t<h1 class=\"elementor-heading-title elementor-size-default\">Legal Notice<\/h1>\t\t\t\t<\/div>\n\t\t\t\t\t<\/div>\n\t\t<\/div>\n\t\t\t\t\t<\/div>\n\t\t<\/section>\n\t\t<div class=\"elementor-element elementor-element-1e9462c e-flex e-con-boxed e-con e-parent\" data-id=\"1e9462c\" data-element_type=\"container\">\n\t\t\t\t\t<div class=\"e-con-inner\">\n\t\t\t\t<div class=\"elementor-element elementor-element-2e30092 elementor-widget elementor-widget-text-editor\" data-id=\"2e30092\" data-element_type=\"widget\" data-widget_type=\"text-editor.default\">\n\t\t\t\t\t\t\t\t\t<p><span style=\"font-weight: 400;\">Data in accordance with \u00a7\u202f5 Digitale-Dienste-Gesetz (DDG)<\/span><\/p><p><span style=\"font-weight: 400;\">Person Responsible for Content:<\/span><\/p><p><span style=\"font-weight: 400;\">Marta Paturalski<\/span><\/p><p><span style=\"font-weight: 400;\">Master of Psychology (Poland)<\/span><\/p><p><span style=\"font-weight: 400;\">Member of the Polish Association of Solution-Focused Therapy Practitioners (PSTTSR). I act in accordance with the ethical principles of the Association. Membership applies solely to qualifications in Poland; currently not recognized in Germany.<\/span><\/p><p>\u00a0<\/p><p><span style=\"font-weight: 400;\">Office address (place of service provision):<\/span><\/p><p><span style=\"font-weight: 400;\">Bahnhofstra\u00dfe 7<\/span><\/p><p><span style=\"font-weight: 400;\">48455 Bad Bentheim<\/span><\/p><p><span style=\"font-weight: 400;\">Germany<\/span><\/p><p><br \/><br \/><\/p><p><span style=\"font-weight: 400;\">Correspondence address:<\/span><\/p><p><span style=\"font-weight: 400;\">Johann-Krabbe Str. 7<\/span><\/p><p><span style=\"font-weight: 400;\">48455 Bad Bentheim<\/span><\/p><p><span style=\"font-weight: 400;\">Germany<\/span><\/p><p>\u00a0<\/p><p><span style=\"font-weight: 400;\">Contact<\/span><\/p><p><span style=\"font-weight: 400;\">Telephone: 049 176 44791274<\/span><\/p><p><span style=\"font-weight: 400;\">E-mail: martapaturalski@gmail.com<\/span><\/p><p>\u00a0<\/p><p><span style=\"font-weight: 400;\">Professional Title:<\/span><\/p><p><span style=\"font-weight: 400;\">Master of Psychology (Poland), currently not recognized in Germany<\/span><\/p><p>\u00a0<\/p><p><span style=\"font-weight: 400;\">Supervisory Authority:<\/span><\/p><p><span style=\"font-weight: 400;\">Not applicable<\/span><\/p><p>\u00a0<\/p><p><span style=\"font-weight: 400;\">Person responsible for journalistic-editorial content in accordance with \u00a7\u202f18 para.\u202f2 MStV:<\/span><\/p><p><span style=\"font-weight: 400;\">Marta Paturalski, address as above<\/span><\/p><p>\u00a0<\/p><p><span style=\"font-weight: 400;\">VAT Identification Number (USt-IdNr.):<\/span><\/p><p><span style=\"font-weight: 400;\">May be provided later<\/span><\/p><p>\u00a0<\/p><p><span style=\"font-weight: 400;\">Disclaimer:<\/span><\/p><p><span style=\"font-weight: 400;\">The content of this website has been prepared with due care. However, we cannot guarantee its accuracy, completeness, or currency.<\/span><\/p><p><span style=\"font-weight: 400;\">We are not responsible for the content of websites linked from this site. The content of external websites is the sole responsibility of their operators.<\/span><\/p>\t\t\t\t\t\t\t\t<\/div>\n\t\t\t\t\t<\/div>\n\t\t\t\t<\/div>\n\t\t\t\t<\/div>","protected":false},"excerpt":{"rendered":"<p>Nota prawna Dane zgodnie z \u00a7 5 Digitale-Dienste-Gesetz (DDG) Osoba odpowiedzialna za tre\u015b\u0107: Marta Paturalski Magister Psychologii (Polska) Cz\u0142onek Polskiego Stowarzyszenia Terapeut\u00f3w Terapii Skoncentrowanej na Rozwi\u0105zaniach (PSTTSR). Dzia\u0142am zgodnie z zasadami etyki Stowarzyszenia. Cz\u0142onkostwo dotyczy wy\u0142\u0105cznie kwalifikacji w Polsce; obecnie brak uznania w Niemczech. \u00a0 Adres gabinetu (miejsce \u015bwiadczenia us\u0142ug): Bahnhofstra\u00dfe 7 48455 Bad Bentheim [&hellip;]<\/p>","protected":false},"author":1,"featured_media":0,"parent":0,"menu_order":0,"comment_status":"closed","ping_status":"closed","template":"","meta":{"site-sidebar-layout":"no-sidebar","site-content-layout":"page-builder","ast-site-content-layout":"default","site-content-style":"default","site-sidebar-style":"default","ast-global-header-display":"","ast-banner-title-visibility":"","ast-main-header-display":"","ast-hfb-above-header-display":"","ast-hfb-below-header-display":"","ast-hfb-mobile-header-display":"","site-post-title":"disabled","ast-breadcrumbs-content":"disabled","ast-featured-img":"disabled","footer-sml-layout":"","theme-transparent-header-meta":"enabled","adv-header-id-meta":"","stick-header-meta":"","header-above-stick-meta":"","header-main-stick-meta":"","header-below-stick-meta":"","astra-migrate-meta-layouts":"default","ast-page-background-enabled":"default","ast-page-background-meta":{"desktop":{"background-color":"","background-image":"","background-repeat":"repeat","background-position":"center center","background-size":"auto","background-attachment":"scroll","background-type":"","background-media":"","overlay-type":"","overlay-color":"","overlay-opacity":"","overlay-gradient":""},"tablet":{"background-color":"","background-image":"","background-repeat":"repeat","background-position":"center center","background-size":"auto","background-attachment":"scroll","background-type":"","background-media":"","overlay-type":"","overlay-color":"","overlay-opacity":"","overlay-gradient":""},"mobile":{"background-color":"","background-image":"","background-repeat":"repeat","background-position":"center center","background-size":"auto","background-attachment":"scroll","background-type":"","background-media":"","overlay-type":"","overlay-color":"","overlay-opacity":"","overlay-gradient":""}},"ast-content-background-meta":{"desktop":{"background-color":"var(--ast-global-color-5)","background-image":"","background-repeat":"repeat","background-position":"center center","background-size":"auto","background-attachment":"scroll","background-type":"","background-media":"","overlay-type":"","overlay-color":"","overlay-opacity":"","overlay-gradient":""},"tablet":{"background-color":"var(--ast-global-color-5)","background-image":"","background-repeat":"repeat","background-position":"center center","background-size":"auto","background-attachment":"scroll","background-type":"","background-media":"","overlay-type":"","overlay-color":"","overlay-opacity":"","overlay-gradient":""},"mobile":{"background-color":"var(--ast-global-color-5)","background-image":"","background-repeat":"repeat","background-position":"center center","background-size":"auto","background-attachment":"scroll","background-type":"","background-media":"","overlay-type":"","overlay-color":"","overlay-opacity":"","overlay-gradient":""}},"footnotes":""},"class_list":["post-201","page","type-page","status-publish","hentry"],"_links":{"self":[{"href":"https:\/\/psycholog-paturalski.com\/en\/wp-json\/wp\/v2\/pages\/201","targetHints":{"allow":["GET"]}}],"collection":[{"href":"https:\/\/psycholog-paturalski.com\/en\/wp-json\/wp\/v2\/pages"}],"about":[{"href":"https:\/\/psycholog-paturalski.com\/en\/wp-json\/wp\/v2\/types\/page"}],"author":[{"embeddable":true,"href":"https:\/\/psycholog-paturalski.com\/en\/wp-json\/wp\/v2\/users\/1"}],"replies":[{"embeddable":true,"href":"https:\/\/psycholog-paturalski.com\/en\/wp-json\/wp\/v2\/comments?post=201"}],"version-history":[{"count":7,"href":"https:\/\/psycholog-paturalski.com\/en\/wp-json\/wp\/v2\/pages\/201\/revisions"}],"predecessor-version":[{"id":222,"href":"https:\/\/psycholog-paturalski.com\/en\/wp-json\/wp\/v2\/pages\/201\/revisions\/222"}],"wp:attachment":[{"href":"https:\/\/psycholog-paturalski.com\/en\/wp-json\/wp\/v2\/media?parent=201"}],"curies":[{"name":"wp","href":"https:\/\/api.w.org\/{rel}","templated":true}]}}